{"id":8025,"date":"2025-12-18T09:42:06","date_gmt":"2025-12-18T09:42:06","guid":{"rendered":"https:\/\/orthodoxblessings.com\/?post_type=product&#038;p=8025"},"modified":"2025-12-18T09:51:37","modified_gmt":"2025-12-18T09:51:37","slug":"nya-testamentet-heliga-skriften-serbiska-ortodoxa-kyrkan","status":"publish","type":"product","link":"https:\/\/orthodoxblessings.com\/sv\/shop\/nya-testamentet-heliga-skriften-serbiska-ortodoxa-kyrkan\/","title":{"rendered":"Nya testamentet \u2013 Heliga skriften (Serbiska ortodoxa kyrkan)"},"content":{"rendered":"<p>Inbunden serbisk utg\u00e5va av Nya testamentet utgiven av Serbiska ortodoxa kyrkans heliga biskopssynod, med svart omslag, guldf\u00e4rgad text och pr\u00e4glat kors.<\/p>\n","protected":false},"excerpt":{"rendered":"<p>Inbunden serbisk utg\u00e5va av Nya testamentet utgiven av Serbiska ortodoxa kyrkans heliga biskopssynod, med svart omslag, guldf\u00e4rgad text och pr\u00e4glat kors.<\/p>\n","protected":false},"featured_media":8028,"template":"","meta":{"give_campaign_id":0},"product_brand":[],"product_cat":[566],"product_tag":[],"class_list":{"0":"post-8025","1":"product","2":"type-product","3":"status-publish","4":"has-post-thumbnail","6":"product_cat-fickupplagor","8":"first","9":"instock","10":"purchasable","11":"product-type-simple"},"_links":{"self":[{"href":"https:\/\/orthodoxblessings.com\/sv\/wp-json\/wp\/v2\/product\/8025","targetHints":{"allow":["GET"]}}],"collection":[{"href":"https:\/\/orthodoxblessings.com\/sv\/wp-json\/wp\/v2\/product"}],"about":[{"href":"https:\/\/orthodoxblessings.com\/sv\/wp-json\/wp\/v2\/types\/product"}],"wp:featuredmedia":[{"embeddable":true,"href":"https:\/\/orthodoxblessings.com\/sv\/wp-json\/wp\/v2\/media\/8028"}],"wp:attachment":[{"href":"https:\/\/orthodoxblessings.com\/sv\/wp-json\/wp\/v2\/media?parent=8025"}],"wp:term":[{"taxonomy":"product_brand","embeddable":true,"href":"https:\/\/orthodoxblessings.com\/sv\/wp-json\/wp\/v2\/product_brand?post=8025"},{"taxonomy":"product_cat","embeddable":true,"href":"https:\/\/orthodoxblessings.com\/sv\/wp-json\/wp\/v2\/product_cat?post=8025"},{"taxonomy":"product_tag","embeddable":true,"href":"https:\/\/orthodoxblessings.com\/sv\/wp-json\/wp\/v2\/product_tag?post=8025"}],"curies":[{"name":"wp","href":"https:\/\/api.w.org\/{rel}","templated":true}]}}