{"id":8019,"date":"2025-12-18T09:22:23","date_gmt":"2025-12-18T09:22:23","guid":{"rendered":"https:\/\/orthodoxblessings.com\/?post_type=product&#038;p=8019"},"modified":"2025-12-18T09:28:35","modified_gmt":"2025-12-18T09:28:35","slug":"ikon-av-den-helige-vasilije-av-ostrog-i-ram","status":"publish","type":"product","link":"https:\/\/orthodoxblessings.com\/sv\/shop\/ikon-av-den-helige-vasilije-av-ostrog-i-ram\/","title":{"rendered":"Ikon av den helige Vasilije av Ostrog i ram"},"content":{"rendered":"<p>Inramad ortodox ikon som f\u00f6rest\u00e4ller den helige Vasilije av Ostrog framf\u00f6r klostret Ostrog, rikt dekorerad med silverf\u00e4rgad reliefkant, l\u00e4mplig f\u00f6r hemaltare eller som en meningsfull g\u00e5va.<\/p>\n","protected":false},"excerpt":{"rendered":"<p>Inramad ortodox ikon som f\u00f6rest\u00e4ller den helige Vasilije av Ostrog framf\u00f6r klostret Ostrog, rikt dekorerad med silverf\u00e4rgad reliefkant, l\u00e4mplig f\u00f6r hemaltare eller som en meningsfull g\u00e5va.<\/p>\n","protected":false},"featured_media":8022,"template":"","meta":{"give_campaign_id":0},"product_brand":[],"product_cat":[531],"product_tag":[],"class_list":{"0":"post-8019","1":"product","2":"type-product","3":"status-publish","4":"has-post-thumbnail","6":"product_cat-presentset","8":"first","9":"instock","10":"shipping-taxable","11":"purchasable","12":"product-type-simple"},"_links":{"self":[{"href":"https:\/\/orthodoxblessings.com\/sv\/wp-json\/wp\/v2\/product\/8019","targetHints":{"allow":["GET"]}}],"collection":[{"href":"https:\/\/orthodoxblessings.com\/sv\/wp-json\/wp\/v2\/product"}],"about":[{"href":"https:\/\/orthodoxblessings.com\/sv\/wp-json\/wp\/v2\/types\/product"}],"wp:featuredmedia":[{"embeddable":true,"href":"https:\/\/orthodoxblessings.com\/sv\/wp-json\/wp\/v2\/media\/8022"}],"wp:attachment":[{"href":"https:\/\/orthodoxblessings.com\/sv\/wp-json\/wp\/v2\/media?parent=8019"}],"wp:term":[{"taxonomy":"product_brand","embeddable":true,"href":"https:\/\/orthodoxblessings.com\/sv\/wp-json\/wp\/v2\/product_brand?post=8019"},{"taxonomy":"product_cat","embeddable":true,"href":"https:\/\/orthodoxblessings.com\/sv\/wp-json\/wp\/v2\/product_cat?post=8019"},{"taxonomy":"product_tag","embeddable":true,"href":"https:\/\/orthodoxblessings.com\/sv\/wp-json\/wp\/v2\/product_tag?post=8019"}],"curies":[{"name":"wp","href":"https:\/\/api.w.org\/{rel}","templated":true}]}}