{"id":8013,"date":"2025-12-18T09:11:13","date_gmt":"2025-12-18T09:11:13","guid":{"rendered":"https:\/\/orthodoxblessings.com\/?post_type=product&#038;p=8013"},"modified":"2025-12-18T09:17:55","modified_gmt":"2025-12-18T09:17:55","slug":"ikon-av-guds-moder-mjukgorande-av-de-onda-hjartana-i-ram","status":"publish","type":"product","link":"https:\/\/orthodoxblessings.com\/sv\/shop\/ikon-av-guds-moder-mjukgorande-av-de-onda-hjartana-i-ram\/","title":{"rendered":"Ikon av Guds Moder &#8221;Mjukg\u00f6rande av de onda hj\u00e4rtana&#8221; i ram"},"content":{"rendered":"<p>Inramad ortodox ikon av Guds Moder &#8221;Mjukg\u00f6rande av de onda hj\u00e4rtana&#8221;, rikt dekorerad med silverf\u00e4rgad relief och flera sm\u00e5 helgonbilder, l\u00e4mplig f\u00f6r hemaltare eller som en s\u00e4rskild g\u00e5va.<\/p>\n","protected":false},"excerpt":{"rendered":"<p>Inramad ortodox ikon av Guds Moder &#8221;Mjukg\u00f6rande av de onda hj\u00e4rtana&#8221;, rikt dekorerad med silverf\u00e4rgad relief och flera sm\u00e5 helgonbilder, l\u00e4mplig f\u00f6r hemaltare eller som en s\u00e4rskild g\u00e5va.<\/p>\n","protected":false},"featured_media":8016,"template":"","meta":{"give_campaign_id":0},"product_brand":[],"product_cat":[531],"product_tag":[],"class_list":{"0":"post-8013","1":"product","2":"type-product","3":"status-publish","4":"has-post-thumbnail","6":"product_cat-presentset","8":"first","9":"outofstock","10":"shipping-taxable","11":"purchasable","12":"product-type-simple"},"_links":{"self":[{"href":"https:\/\/orthodoxblessings.com\/sv\/wp-json\/wp\/v2\/product\/8013","targetHints":{"allow":["GET"]}}],"collection":[{"href":"https:\/\/orthodoxblessings.com\/sv\/wp-json\/wp\/v2\/product"}],"about":[{"href":"https:\/\/orthodoxblessings.com\/sv\/wp-json\/wp\/v2\/types\/product"}],"wp:featuredmedia":[{"embeddable":true,"href":"https:\/\/orthodoxblessings.com\/sv\/wp-json\/wp\/v2\/media\/8016"}],"wp:attachment":[{"href":"https:\/\/orthodoxblessings.com\/sv\/wp-json\/wp\/v2\/media?parent=8013"}],"wp:term":[{"taxonomy":"product_brand","embeddable":true,"href":"https:\/\/orthodoxblessings.com\/sv\/wp-json\/wp\/v2\/product_brand?post=8013"},{"taxonomy":"product_cat","embeddable":true,"href":"https:\/\/orthodoxblessings.com\/sv\/wp-json\/wp\/v2\/product_cat?post=8013"},{"taxonomy":"product_tag","embeddable":true,"href":"https:\/\/orthodoxblessings.com\/sv\/wp-json\/wp\/v2\/product_tag?post=8013"}],"curies":[{"name":"wp","href":"https:\/\/api.w.org\/{rel}","templated":true}]}}