{"id":7995,"date":"2025-12-17T16:21:40","date_gmt":"2025-12-17T16:21:40","guid":{"rendered":"https:\/\/orthodoxblessings.com\/?post_type=product&#038;p=7995"},"modified":"2025-12-17T16:31:08","modified_gmt":"2025-12-17T16:31:08","slug":"valsignelsekors-i-rod-och-gyllene-emalj","status":"publish","type":"product","link":"https:\/\/orthodoxblessings.com\/sv\/shop\/valsignelsekors-i-rod-och-gyllene-emalj\/","title":{"rendered":"V\u00e4lsignelsekors i r\u00f6d och gyllene emalj"},"content":{"rendered":"<p>Praktfullt ortodoxt handkors i r\u00f6d och guldf\u00e4rgad emalj med krucifix och blomstermotiv, l\u00e4mpligt f\u00f6r pr\u00e4sterlig v\u00e4lsignelse eller som en dekorativ andaktsdetalj i hemmet.<\/p>\n","protected":false},"excerpt":{"rendered":"<p>Praktfullt ortodoxt handkors i r\u00f6d och guldf\u00e4rgad emalj med krucifix och blomstermotiv, l\u00e4mpligt f\u00f6r pr\u00e4sterlig v\u00e4lsignelse eller som en dekorativ andaktsdetalj i hemmet.<\/p>\n","protected":false},"featured_media":8000,"template":"","meta":{"give_campaign_id":0},"product_brand":[],"product_cat":[516],"product_tag":[],"class_list":{"0":"post-7995","1":"product","2":"type-product","3":"status-publish","4":"has-post-thumbnail","6":"product_cat-kors","8":"first","9":"instock","10":"shipping-taxable","11":"purchasable","12":"product-type-variable","13":"rtwpvg-product"},"_links":{"self":[{"href":"https:\/\/orthodoxblessings.com\/sv\/wp-json\/wp\/v2\/product\/7995","targetHints":{"allow":["GET"]}}],"collection":[{"href":"https:\/\/orthodoxblessings.com\/sv\/wp-json\/wp\/v2\/product"}],"about":[{"href":"https:\/\/orthodoxblessings.com\/sv\/wp-json\/wp\/v2\/types\/product"}],"wp:featuredmedia":[{"embeddable":true,"href":"https:\/\/orthodoxblessings.com\/sv\/wp-json\/wp\/v2\/media\/8000"}],"wp:attachment":[{"href":"https:\/\/orthodoxblessings.com\/sv\/wp-json\/wp\/v2\/media?parent=7995"}],"wp:term":[{"taxonomy":"product_brand","embeddable":true,"href":"https:\/\/orthodoxblessings.com\/sv\/wp-json\/wp\/v2\/product_brand?post=7995"},{"taxonomy":"product_cat","embeddable":true,"href":"https:\/\/orthodoxblessings.com\/sv\/wp-json\/wp\/v2\/product_cat?post=7995"},{"taxonomy":"product_tag","embeddable":true,"href":"https:\/\/orthodoxblessings.com\/sv\/wp-json\/wp\/v2\/product_tag?post=7995"}],"curies":[{"name":"wp","href":"https:\/\/api.w.org\/{rel}","templated":true}]}}