{"id":7953,"date":"2025-12-17T14:24:36","date_gmt":"2025-12-17T14:24:36","guid":{"rendered":"https:\/\/orthodoxblessings.com\/?post_type=product&#038;p=7953"},"modified":"2025-12-30T14:00:10","modified_gmt":"2025-12-30T14:00:10","slug":"ikon-av-arkeangeln-mikael","status":"publish","type":"product","link":"https:\/\/orthodoxblessings.com\/sv\/shop\/ikon-av-arkeangeln-mikael\/","title":{"rendered":"Ikon av \u00c4rke\u00e4ngeln Mikael"},"content":{"rendered":"<p>Ikon f\u00f6r en rysk prins och helgon, en symbol f\u00f6r mod och tro. Troget m\u00e5lad, avsedd f\u00f6r b\u00f6n och andligt skydd.<\/p>\n","protected":false},"excerpt":{"rendered":"<p>Ikon f\u00f6r en rysk prins och helgon, en symbol f\u00f6r mod och tro. Troget m\u00e5lad, avsedd f\u00f6r b\u00f6n och andligt skydd.<\/p>\n","protected":false},"featured_media":9369,"template":"","meta":{"give_campaign_id":0},"product_brand":[],"product_cat":[509],"product_tag":[],"class_list":{"0":"post-7953","1":"product","2":"type-product","3":"status-publish","4":"has-post-thumbnail","6":"product_cat-traikoner","8":"first","9":"instock","10":"purchasable","11":"product-type-simple"},"_links":{"self":[{"href":"https:\/\/orthodoxblessings.com\/sv\/wp-json\/wp\/v2\/product\/7953","targetHints":{"allow":["GET"]}}],"collection":[{"href":"https:\/\/orthodoxblessings.com\/sv\/wp-json\/wp\/v2\/product"}],"about":[{"href":"https:\/\/orthodoxblessings.com\/sv\/wp-json\/wp\/v2\/types\/product"}],"wp:featuredmedia":[{"embeddable":true,"href":"https:\/\/orthodoxblessings.com\/sv\/wp-json\/wp\/v2\/media\/9369"}],"wp:attachment":[{"href":"https:\/\/orthodoxblessings.com\/sv\/wp-json\/wp\/v2\/media?parent=7953"}],"wp:term":[{"taxonomy":"product_brand","embeddable":true,"href":"https:\/\/orthodoxblessings.com\/sv\/wp-json\/wp\/v2\/product_brand?post=7953"},{"taxonomy":"product_cat","embeddable":true,"href":"https:\/\/orthodoxblessings.com\/sv\/wp-json\/wp\/v2\/product_cat?post=7953"},{"taxonomy":"product_tag","embeddable":true,"href":"https:\/\/orthodoxblessings.com\/sv\/wp-json\/wp\/v2\/product_tag?post=7953"}],"curies":[{"name":"wp","href":"https:\/\/api.w.org\/{rel}","templated":true}]}}