{"id":7935,"date":"2025-12-17T09:29:54","date_gmt":"2025-12-17T09:29:54","guid":{"rendered":"https:\/\/orthodoxblessings.com\/?post_type=product&#038;p=7935"},"modified":"2025-12-17T09:34:47","modified_gmt":"2025-12-17T09:34:47","slug":"kyrkorokelse-i-kornform","status":"publish","type":"product","link":"https:\/\/orthodoxblessings.com\/sv\/shop\/kyrkorokelse-i-kornform\/","title":{"rendered":"Kyrkor\u00f6kelse i kornform"},"content":{"rendered":"<p>Ask med grova r\u00f6kelsekorn av harts i m\u00f6rka och r\u00f6daktiga toner, avsedda f\u00f6r anv\u00e4ndning i r\u00f6kelsekar vid b\u00f6n och gudstj\u00e4nst.<\/p>\n","protected":false},"excerpt":{"rendered":"<p>Ask med grova r\u00f6kelsekorn av harts i m\u00f6rka och r\u00f6daktiga toner, avsedda f\u00f6r anv\u00e4ndning i r\u00f6kelsekar vid b\u00f6n och gudstj\u00e4nst.<\/p>\n","protected":false},"featured_media":7938,"template":"","meta":{"give_campaign_id":0},"product_brand":[],"product_cat":[543],"product_tag":[],"class_list":{"0":"post-7935","1":"product","2":"type-product","3":"status-publish","4":"has-post-thumbnail","6":"product_cat-rokelse","8":"first","9":"instock","10":"shipping-taxable","11":"purchasable","12":"product-type-simple"},"_links":{"self":[{"href":"https:\/\/orthodoxblessings.com\/sv\/wp-json\/wp\/v2\/product\/7935","targetHints":{"allow":["GET"]}}],"collection":[{"href":"https:\/\/orthodoxblessings.com\/sv\/wp-json\/wp\/v2\/product"}],"about":[{"href":"https:\/\/orthodoxblessings.com\/sv\/wp-json\/wp\/v2\/types\/product"}],"wp:featuredmedia":[{"embeddable":true,"href":"https:\/\/orthodoxblessings.com\/sv\/wp-json\/wp\/v2\/media\/7938"}],"wp:attachment":[{"href":"https:\/\/orthodoxblessings.com\/sv\/wp-json\/wp\/v2\/media?parent=7935"}],"wp:term":[{"taxonomy":"product_brand","embeddable":true,"href":"https:\/\/orthodoxblessings.com\/sv\/wp-json\/wp\/v2\/product_brand?post=7935"},{"taxonomy":"product_cat","embeddable":true,"href":"https:\/\/orthodoxblessings.com\/sv\/wp-json\/wp\/v2\/product_cat?post=7935"},{"taxonomy":"product_tag","embeddable":true,"href":"https:\/\/orthodoxblessings.com\/sv\/wp-json\/wp\/v2\/product_tag?post=7935"}],"curies":[{"name":"wp","href":"https:\/\/api.w.org\/{rel}","templated":true}]}}