{"id":7814,"date":"2025-12-16T14:08:17","date_gmt":"2025-12-16T14:08:17","guid":{"rendered":"https:\/\/orthodoxblessings.com\/?post_type=product&#038;p=7814"},"modified":"2025-12-30T14:01:57","modified_gmt":"2025-12-30T14:01:57","slug":"bilhange-traroskrans-med-tofs-liten","status":"publish","type":"product","link":"https:\/\/orthodoxblessings.com\/sv\/shop\/bilhange-traroskrans-med-tofs-liten\/","title":{"rendered":"Bilh\u00e4nge &#8211; Tr\u00e4roskrans med tofs liten"},"content":{"rendered":"<p><span class=\"HwtZe\" lang=\"sv\"><span class=\"jCAhz ChMk0b\"><span class=\"ryNqvb\">Ett elegant utformat tr\u00e4roskrans tillverkat av sl\u00e4ta, kvalitetsp\u00e4rlor i brun ton.<\/span><\/span><\/span> <span class=\"HwtZe\" lang=\"sv\"><span class=\"jCAhz ChMk0b\"><span class=\"ryNqvb\">Roskransens nedre del avslutas med en fin svart tofs som bidrar till det traditionella, men ocks\u00e5 moderna utseendet.<\/span><\/span><\/span><\/p>\n","protected":false},"excerpt":{"rendered":"<p>Ett elegant utformat tr\u00e4roskrans tillverkat av sl\u00e4ta, kvalitetsp\u00e4rlor i brun ton. Roskransens nedre del avslutas med en fin svart tofs som bidrar till det traditionella, men ocks\u00e5 moderna utseendet.<\/p>\n","protected":false},"featured_media":7823,"template":"","meta":{"give_campaign_id":0},"product_brand":[],"product_cat":[520],"product_tag":[],"class_list":{"0":"post-7814","1":"product","2":"type-product","3":"status-publish","4":"has-post-thumbnail","6":"product_cat-kors-for-en-bil","8":"first","9":"instock","10":"shipping-taxable","11":"purchasable","12":"product-type-simple"},"_links":{"self":[{"href":"https:\/\/orthodoxblessings.com\/sv\/wp-json\/wp\/v2\/product\/7814","targetHints":{"allow":["GET"]}}],"collection":[{"href":"https:\/\/orthodoxblessings.com\/sv\/wp-json\/wp\/v2\/product"}],"about":[{"href":"https:\/\/orthodoxblessings.com\/sv\/wp-json\/wp\/v2\/types\/product"}],"wp:featuredmedia":[{"embeddable":true,"href":"https:\/\/orthodoxblessings.com\/sv\/wp-json\/wp\/v2\/media\/7823"}],"wp:attachment":[{"href":"https:\/\/orthodoxblessings.com\/sv\/wp-json\/wp\/v2\/media?parent=7814"}],"wp:term":[{"taxonomy":"product_brand","embeddable":true,"href":"https:\/\/orthodoxblessings.com\/sv\/wp-json\/wp\/v2\/product_brand?post=7814"},{"taxonomy":"product_cat","embeddable":true,"href":"https:\/\/orthodoxblessings.com\/sv\/wp-json\/wp\/v2\/product_cat?post=7814"},{"taxonomy":"product_tag","embeddable":true,"href":"https:\/\/orthodoxblessings.com\/sv\/wp-json\/wp\/v2\/product_tag?post=7814"}],"curies":[{"name":"wp","href":"https:\/\/api.w.org\/{rel}","templated":true}]}}