{"id":7804,"date":"2025-12-16T13:50:05","date_gmt":"2025-12-16T13:50:05","guid":{"rendered":"https:\/\/orthodoxblessings.com\/?post_type=product&#038;p=7804"},"modified":"2025-12-16T13:57:37","modified_gmt":"2025-12-16T13:57:37","slug":"litet-ortodoxt-korshange-i-silverfarg-med-halsband","status":"publish","type":"product","link":"https:\/\/orthodoxblessings.com\/sv\/shop\/litet-ortodoxt-korshange-i-silverfarg-med-halsband\/","title":{"rendered":"Litet ortodoxt korsh\u00e4nge i silverf\u00e4rg med halsband"},"content":{"rendered":"<p><span class=\"HwtZe\" lang=\"sv\"><span class=\"jCAhz ChMk0b\"><span class=\"ryNqvb\">Ett elegant h\u00e4nge i form av ett traditionellt ortodoxt kors i silver med detaljerad gravyr, l\u00e4mpligt att b\u00e4ra p\u00e5 ett tunt halsband.<\/span><\/span><\/span><\/p>\n","protected":false},"excerpt":{"rendered":"<p>Ett elegant h\u00e4nge i form av ett traditionellt ortodoxt kors i silver med detaljerad gravyr, l\u00e4mpligt att b\u00e4ra p\u00e5 ett tunt halsband.<\/p>\n","protected":false},"featured_media":7807,"template":"","meta":{"give_campaign_id":0},"product_brand":[],"product_cat":[516],"product_tag":[],"class_list":{"0":"post-7804","1":"product","2":"type-product","3":"status-publish","4":"has-post-thumbnail","6":"product_cat-kors","8":"first","9":"instock","10":"shipping-taxable","11":"purchasable","12":"product-type-simple"},"_links":{"self":[{"href":"https:\/\/orthodoxblessings.com\/sv\/wp-json\/wp\/v2\/product\/7804","targetHints":{"allow":["GET"]}}],"collection":[{"href":"https:\/\/orthodoxblessings.com\/sv\/wp-json\/wp\/v2\/product"}],"about":[{"href":"https:\/\/orthodoxblessings.com\/sv\/wp-json\/wp\/v2\/types\/product"}],"wp:featuredmedia":[{"embeddable":true,"href":"https:\/\/orthodoxblessings.com\/sv\/wp-json\/wp\/v2\/media\/7807"}],"wp:attachment":[{"href":"https:\/\/orthodoxblessings.com\/sv\/wp-json\/wp\/v2\/media?parent=7804"}],"wp:term":[{"taxonomy":"product_brand","embeddable":true,"href":"https:\/\/orthodoxblessings.com\/sv\/wp-json\/wp\/v2\/product_brand?post=7804"},{"taxonomy":"product_cat","embeddable":true,"href":"https:\/\/orthodoxblessings.com\/sv\/wp-json\/wp\/v2\/product_cat?post=7804"},{"taxonomy":"product_tag","embeddable":true,"href":"https:\/\/orthodoxblessings.com\/sv\/wp-json\/wp\/v2\/product_tag?post=7804"}],"curies":[{"name":"wp","href":"https:\/\/api.w.org\/{rel}","templated":true}]}}