{"id":7798,"date":"2025-12-16T13:32:49","date_gmt":"2025-12-16T13:32:49","guid":{"rendered":"https:\/\/orthodoxblessings.com\/?post_type=product&#038;p=7798"},"modified":"2025-12-16T13:41:12","modified_gmt":"2025-12-16T13:41:12","slug":"metallhange-med-ikonen-av-patriarken-paul","status":"publish","type":"product","link":"https:\/\/orthodoxblessings.com\/sv\/shop\/metallhange-med-ikonen-av-patriarken-paul\/","title":{"rendered":"Metallh\u00e4nge med ikonen av patriarken Paul"},"content":{"rendered":"<p><span class=\"HwtZe\" lang=\"sv\"><span class=\"jCAhz ChMk0b\"><span class=\"ryNqvb\">Ett elegant metallh\u00e4nge med en noggrant utformad ikon av patriarken Paulus.<\/span><\/span> <span class=\"jCAhz ChMk0b\"><span class=\"ryNqvb\">Det \u00e4r perfekt f\u00f6r bilister, resen\u00e4rer och alla som vill k\u00e4nna v\u00e4lsignelsen och beskyddet av denna stora helgon.<\/span><\/span> <span class=\"jCAhz ChMk0b\"><span class=\"ryNqvb\">Perfekt som g\u00e5va eller personlig andlig vara.<\/span><\/span><\/span><\/p>\n","protected":false},"excerpt":{"rendered":"<p>Ett elegant metallh\u00e4nge med en noggrant utformad ikon av patriarken Paulus. Det \u00e4r perfekt f\u00f6r bilister, resen\u00e4rer och alla som vill k\u00e4nna v\u00e4lsignelsen och beskyddet av denna stora helgon. Perfekt som g\u00e5va eller personlig andlig vara.<\/p>\n","protected":false},"featured_media":7801,"template":"","meta":{"give_campaign_id":0},"product_brand":[],"product_cat":[520],"product_tag":[],"class_list":{"0":"post-7798","1":"product","2":"type-product","3":"status-publish","4":"has-post-thumbnail","6":"product_cat-kors-for-en-bil","8":"first","9":"instock","10":"purchasable","11":"product-type-simple"},"_links":{"self":[{"href":"https:\/\/orthodoxblessings.com\/sv\/wp-json\/wp\/v2\/product\/7798","targetHints":{"allow":["GET"]}}],"collection":[{"href":"https:\/\/orthodoxblessings.com\/sv\/wp-json\/wp\/v2\/product"}],"about":[{"href":"https:\/\/orthodoxblessings.com\/sv\/wp-json\/wp\/v2\/types\/product"}],"wp:featuredmedia":[{"embeddable":true,"href":"https:\/\/orthodoxblessings.com\/sv\/wp-json\/wp\/v2\/media\/7801"}],"wp:attachment":[{"href":"https:\/\/orthodoxblessings.com\/sv\/wp-json\/wp\/v2\/media?parent=7798"}],"wp:term":[{"taxonomy":"product_brand","embeddable":true,"href":"https:\/\/orthodoxblessings.com\/sv\/wp-json\/wp\/v2\/product_brand?post=7798"},{"taxonomy":"product_cat","embeddable":true,"href":"https:\/\/orthodoxblessings.com\/sv\/wp-json\/wp\/v2\/product_cat?post=7798"},{"taxonomy":"product_tag","embeddable":true,"href":"https:\/\/orthodoxblessings.com\/sv\/wp-json\/wp\/v2\/product_tag?post=7798"}],"curies":[{"name":"wp","href":"https:\/\/api.w.org\/{rel}","templated":true}]}}