{"id":7792,"date":"2025-12-16T11:42:41","date_gmt":"2025-12-16T11:42:41","guid":{"rendered":"https:\/\/orthodoxblessings.com\/?post_type=product&#038;p=7792"},"modified":"2025-12-16T11:47:53","modified_gmt":"2025-12-16T11:47:53","slug":"liten-ortodox-krucifixberlock-i-silverfarg","status":"publish","type":"product","link":"https:\/\/orthodoxblessings.com\/sv\/shop\/liten-ortodox-krucifixberlock-i-silverfarg\/","title":{"rendered":"Liten ortodox krucifixberlock i silverf\u00e4rg"},"content":{"rendered":"<p>Fin silverf\u00e4rgad berlock formad som ett traditionellt ortodoxt krucifix med detaljerad gravyr, perfekt att b\u00e4ra p\u00e5 en tunn kedja eller ett armband.<\/p>\n","protected":false},"excerpt":{"rendered":"<p>Fin silverf\u00e4rgad berlock formad som ett traditionellt ortodoxt krucifix med detaljerad gravyr, perfekt att b\u00e4ra p\u00e5 en tunn kedja eller ett armband.<\/p>\n","protected":false},"featured_media":7795,"template":"","meta":{"give_campaign_id":0},"product_brand":[],"product_cat":[516],"product_tag":[],"class_list":{"0":"post-7792","1":"product","2":"type-product","3":"status-publish","4":"has-post-thumbnail","6":"product_cat-kors","8":"first","9":"instock","10":"shipping-taxable","11":"purchasable","12":"product-type-simple"},"_links":{"self":[{"href":"https:\/\/orthodoxblessings.com\/sv\/wp-json\/wp\/v2\/product\/7792","targetHints":{"allow":["GET"]}}],"collection":[{"href":"https:\/\/orthodoxblessings.com\/sv\/wp-json\/wp\/v2\/product"}],"about":[{"href":"https:\/\/orthodoxblessings.com\/sv\/wp-json\/wp\/v2\/types\/product"}],"wp:featuredmedia":[{"embeddable":true,"href":"https:\/\/orthodoxblessings.com\/sv\/wp-json\/wp\/v2\/media\/7795"}],"wp:attachment":[{"href":"https:\/\/orthodoxblessings.com\/sv\/wp-json\/wp\/v2\/media?parent=7792"}],"wp:term":[{"taxonomy":"product_brand","embeddable":true,"href":"https:\/\/orthodoxblessings.com\/sv\/wp-json\/wp\/v2\/product_brand?post=7792"},{"taxonomy":"product_cat","embeddable":true,"href":"https:\/\/orthodoxblessings.com\/sv\/wp-json\/wp\/v2\/product_cat?post=7792"},{"taxonomy":"product_tag","embeddable":true,"href":"https:\/\/orthodoxblessings.com\/sv\/wp-json\/wp\/v2\/product_tag?post=7792"}],"curies":[{"name":"wp","href":"https:\/\/api.w.org\/{rel}","templated":true}]}}