{"id":7786,"date":"2025-12-16T11:37:03","date_gmt":"2025-12-16T11:37:03","guid":{"rendered":"https:\/\/orthodoxblessings.com\/?post_type=product&#038;p=7786"},"modified":"2025-12-16T11:42:04","modified_gmt":"2025-12-16T11:42:04","slug":"liten-ortodox-krucifixberlock-i-guldfarg","status":"publish","type":"product","link":"https:\/\/orthodoxblessings.com\/sv\/shop\/liten-ortodox-krucifixberlock-i-guldfarg\/","title":{"rendered":"Liten ortodox krucifixberlock i guldf\u00e4rg"},"content":{"rendered":"<p>Fin guldf\u00e4rgad berlock formad som ett traditionellt ortodoxt krucifix med detaljerad gravyr, perfekt att b\u00e4ra p\u00e5 en tunn kedja eller ett armband.<\/p>\n","protected":false},"excerpt":{"rendered":"<p>Fin guldf\u00e4rgad berlock formad som ett traditionellt ortodoxt krucifix med detaljerad gravyr, perfekt att b\u00e4ra p\u00e5 en tunn kedja eller ett armband.<\/p>\n","protected":false},"featured_media":7789,"template":"","meta":{"give_campaign_id":0},"product_brand":[],"product_cat":[516],"product_tag":[],"class_list":{"0":"post-7786","1":"product","2":"type-product","3":"status-publish","4":"has-post-thumbnail","6":"product_cat-kors","8":"first","9":"instock","10":"shipping-taxable","11":"purchasable","12":"product-type-simple"},"_links":{"self":[{"href":"https:\/\/orthodoxblessings.com\/sv\/wp-json\/wp\/v2\/product\/7786","targetHints":{"allow":["GET"]}}],"collection":[{"href":"https:\/\/orthodoxblessings.com\/sv\/wp-json\/wp\/v2\/product"}],"about":[{"href":"https:\/\/orthodoxblessings.com\/sv\/wp-json\/wp\/v2\/types\/product"}],"wp:featuredmedia":[{"embeddable":true,"href":"https:\/\/orthodoxblessings.com\/sv\/wp-json\/wp\/v2\/media\/7789"}],"wp:attachment":[{"href":"https:\/\/orthodoxblessings.com\/sv\/wp-json\/wp\/v2\/media?parent=7786"}],"wp:term":[{"taxonomy":"product_brand","embeddable":true,"href":"https:\/\/orthodoxblessings.com\/sv\/wp-json\/wp\/v2\/product_brand?post=7786"},{"taxonomy":"product_cat","embeddable":true,"href":"https:\/\/orthodoxblessings.com\/sv\/wp-json\/wp\/v2\/product_cat?post=7786"},{"taxonomy":"product_tag","embeddable":true,"href":"https:\/\/orthodoxblessings.com\/sv\/wp-json\/wp\/v2\/product_tag?post=7786"}],"curies":[{"name":"wp","href":"https:\/\/api.w.org\/{rel}","templated":true}]}}