{"id":7774,"date":"2025-12-16T10:52:35","date_gmt":"2025-12-16T10:52:35","guid":{"rendered":"https:\/\/orthodoxblessings.com\/?post_type=product&#038;p=7774"},"modified":"2025-12-16T11:04:42","modified_gmt":"2025-12-16T11:04:42","slug":"overdrag-for-ljus","status":"publish","type":"product","link":"https:\/\/orthodoxblessings.com\/sv\/shop\/overdrag-for-ljus\/","title":{"rendered":"\u00d6verdrag f\u00f6r ljus"},"content":{"rendered":"<p>Cirkul\u00e4rt bl\u00e5tt \u00f6verdrag f\u00f6r ljus, best\u00e5ende av sammanl\u00e4nkade segment, dekorerat med gyllene Chi-Rho- (XP) Kristusmonogram samt inskriptionen:<br data-start=\"165\" data-end=\"168\" \/>\u201d\u00c4ra vare Gud i h\u00f6jden, och frid p\u00e5 jorden, bland m\u00e4nniskor till vilka han har god vilja\u201d,<br data-start=\"258\" data-end=\"261\" \/>avsedd f\u00f6r bruk under den ortodoxa liturgin.<\/p>\n","protected":false},"excerpt":{"rendered":"<p>Cirkul\u00e4rt bl\u00e5tt \u00f6verdrag f\u00f6r ljus, best\u00e5ende av sammanl\u00e4nkade segment, dekorerat med gyllene Chi-Rho- (XP) Kristusmonogram samt inskriptionen:\u201d\u00c4ra vare Gud i h\u00f6jden, och frid p\u00e5 jorden, bland m\u00e4nniskor till vilka han har god vilja\u201d,avsedd f\u00f6r bruk under den ortodoxa liturgin.<\/p>\n","protected":false},"featured_media":7779,"template":"","meta":{"give_campaign_id":0},"product_brand":[],"product_cat":[528],"product_tag":[],"class_list":{"0":"post-7774","1":"product","2":"type-product","3":"status-publish","4":"has-post-thumbnail","6":"product_cat-dopljus","8":"first","9":"instock","10":"shipping-taxable","11":"purchasable","12":"product-type-simple"},"_links":{"self":[{"href":"https:\/\/orthodoxblessings.com\/sv\/wp-json\/wp\/v2\/product\/7774","targetHints":{"allow":["GET"]}}],"collection":[{"href":"https:\/\/orthodoxblessings.com\/sv\/wp-json\/wp\/v2\/product"}],"about":[{"href":"https:\/\/orthodoxblessings.com\/sv\/wp-json\/wp\/v2\/types\/product"}],"wp:featuredmedia":[{"embeddable":true,"href":"https:\/\/orthodoxblessings.com\/sv\/wp-json\/wp\/v2\/media\/7779"}],"wp:attachment":[{"href":"https:\/\/orthodoxblessings.com\/sv\/wp-json\/wp\/v2\/media?parent=7774"}],"wp:term":[{"taxonomy":"product_brand","embeddable":true,"href":"https:\/\/orthodoxblessings.com\/sv\/wp-json\/wp\/v2\/product_brand?post=7774"},{"taxonomy":"product_cat","embeddable":true,"href":"https:\/\/orthodoxblessings.com\/sv\/wp-json\/wp\/v2\/product_cat?post=7774"},{"taxonomy":"product_tag","embeddable":true,"href":"https:\/\/orthodoxblessings.com\/sv\/wp-json\/wp\/v2\/product_tag?post=7774"}],"curies":[{"name":"wp","href":"https:\/\/api.w.org\/{rel}","templated":true}]}}