{"id":7764,"date":"2025-12-16T10:32:03","date_gmt":"2025-12-16T10:32:03","guid":{"rendered":"https:\/\/orthodoxblessings.com\/?post_type=product&#038;p=7764"},"modified":"2025-12-16T10:37:09","modified_gmt":"2025-12-16T10:37:09","slug":"ikon-av-guds-moder-av-ostra-brama-barmhartighetens-moder","status":"publish","type":"product","link":"https:\/\/orthodoxblessings.com\/sv\/shop\/ikon-av-guds-moder-av-ostra-brama-barmhartighetens-moder\/","title":{"rendered":"Ikon av Guds Moder av Ostra Brama (Barmh\u00e4rtighetens Moder)"},"content":{"rendered":"<p>Rikt dekorerad ortodox ikon av Guds Moder av Ostra Brama med str\u00e5lande gyllene str\u00e5lar och utsmyckad ram, l\u00e4mplig f\u00f6r hemaltare eller som en s\u00e4rskild andaktsg\u00e5va.<\/p>\n","protected":false},"excerpt":{"rendered":"<p>Rikt dekorerad ortodox ikon av Guds Moder av Ostra Brama med str\u00e5lande gyllene str\u00e5lar och utsmyckad ram, l\u00e4mplig f\u00f6r hemaltare eller som en s\u00e4rskild andaktsg\u00e5va.<\/p>\n","protected":false},"featured_media":7767,"template":"","meta":{"give_campaign_id":0},"product_brand":[],"product_cat":[509],"product_tag":[],"class_list":{"0":"post-7764","1":"product","2":"type-product","3":"status-publish","4":"has-post-thumbnail","6":"product_cat-traikoner","8":"first","9":"instock","10":"shipping-taxable","11":"purchasable","12":"product-type-simple"},"_links":{"self":[{"href":"https:\/\/orthodoxblessings.com\/sv\/wp-json\/wp\/v2\/product\/7764","targetHints":{"allow":["GET"]}}],"collection":[{"href":"https:\/\/orthodoxblessings.com\/sv\/wp-json\/wp\/v2\/product"}],"about":[{"href":"https:\/\/orthodoxblessings.com\/sv\/wp-json\/wp\/v2\/types\/product"}],"wp:featuredmedia":[{"embeddable":true,"href":"https:\/\/orthodoxblessings.com\/sv\/wp-json\/wp\/v2\/media\/7767"}],"wp:attachment":[{"href":"https:\/\/orthodoxblessings.com\/sv\/wp-json\/wp\/v2\/media?parent=7764"}],"wp:term":[{"taxonomy":"product_brand","embeddable":true,"href":"https:\/\/orthodoxblessings.com\/sv\/wp-json\/wp\/v2\/product_brand?post=7764"},{"taxonomy":"product_cat","embeddable":true,"href":"https:\/\/orthodoxblessings.com\/sv\/wp-json\/wp\/v2\/product_cat?post=7764"},{"taxonomy":"product_tag","embeddable":true,"href":"https:\/\/orthodoxblessings.com\/sv\/wp-json\/wp\/v2\/product_tag?post=7764"}],"curies":[{"name":"wp","href":"https:\/\/api.w.org\/{rel}","templated":true}]}}