{"id":7713,"date":"2025-12-15T13:58:49","date_gmt":"2025-12-15T13:58:49","guid":{"rendered":"https:\/\/orthodoxblessings.com\/?post_type=product&#038;p=7713"},"modified":"2025-12-15T14:05:23","modified_gmt":"2025-12-15T14:05:23","slug":"vaggkors-korsfastelsen-av-jesus-kristus","status":"publish","type":"product","link":"https:\/\/orthodoxblessings.com\/sv\/shop\/vaggkors-korsfastelsen-av-jesus-kristus\/","title":{"rendered":"V\u00e4ggkors Korsf\u00e4stelsen av Jesus Kristus"},"content":{"rendered":"<p><span class=\"HwtZe\" lang=\"sv\"><span class=\"jCAhz ChMk0b\"><span class=\"ryNqvb\">Detta v\u00e4ggkors med gravyr av Jesus Kristus \u00e4r ett djupt betydelsefullt f\u00f6rem\u00e5l som symboliserar fr\u00e4lsning och Kristi offer.<\/span><\/span> <span class=\"jCAhz ChMk0b\"><span class=\"ryNqvb\">Noggrant utformat med noggrannhet i detaljerna, fungerar det som ett centralt f\u00f6rem\u00e5l i alla hem eller gudstj\u00e4nstlokaler.<\/span><\/span> <span class=\"jCAhz ChMk0b\"><span class=\"ryNqvb\">Ikonen av Jesus Kristus i mitten av korset har djup andlig betydelse och p\u00e5minner troende om hans offer f\u00f6r m\u00e4nsklighetens fr\u00e4lsning.<\/span><\/span><\/span><\/p>\n","protected":false},"excerpt":{"rendered":"<p>Detta v\u00e4ggkors med gravyr av Jesus Kristus \u00e4r ett djupt betydelsefullt f\u00f6rem\u00e5l som symboliserar fr\u00e4lsning och Kristi offer. Noggrant utformat med noggrannhet i detaljerna, fungerar det som ett centralt f\u00f6rem\u00e5l i alla hem eller gudstj\u00e4nstlokaler. Ikonen av Jesus Kristus i mitten av korset har djup andlig betydelse och p\u00e5minner troende om hans offer f\u00f6r m\u00e4nsklighetens [&hellip;]<\/p>\n","protected":false},"featured_media":7714,"template":"","meta":{"give_campaign_id":0},"product_brand":[],"product_cat":[518],"product_tag":[],"class_list":{"0":"post-7713","1":"product","2":"type-product","3":"status-publish","4":"has-post-thumbnail","6":"product_cat-vaggkors","8":"first","9":"instock","10":"shipping-taxable","11":"purchasable","12":"product-type-simple"},"_links":{"self":[{"href":"https:\/\/orthodoxblessings.com\/sv\/wp-json\/wp\/v2\/product\/7713","targetHints":{"allow":["GET"]}}],"collection":[{"href":"https:\/\/orthodoxblessings.com\/sv\/wp-json\/wp\/v2\/product"}],"about":[{"href":"https:\/\/orthodoxblessings.com\/sv\/wp-json\/wp\/v2\/types\/product"}],"wp:featuredmedia":[{"embeddable":true,"href":"https:\/\/orthodoxblessings.com\/sv\/wp-json\/wp\/v2\/media\/7714"}],"wp:attachment":[{"href":"https:\/\/orthodoxblessings.com\/sv\/wp-json\/wp\/v2\/media?parent=7713"}],"wp:term":[{"taxonomy":"product_brand","embeddable":true,"href":"https:\/\/orthodoxblessings.com\/sv\/wp-json\/wp\/v2\/product_brand?post=7713"},{"taxonomy":"product_cat","embeddable":true,"href":"https:\/\/orthodoxblessings.com\/sv\/wp-json\/wp\/v2\/product_cat?post=7713"},{"taxonomy":"product_tag","embeddable":true,"href":"https:\/\/orthodoxblessings.com\/sv\/wp-json\/wp\/v2\/product_tag?post=7713"}],"curies":[{"name":"wp","href":"https:\/\/api.w.org\/{rel}","templated":true}]}}