{"id":7660,"date":"2025-12-15T09:54:27","date_gmt":"2025-12-15T09:54:27","guid":{"rendered":"https:\/\/orthodoxblessings.com\/?post_type=product&#038;p=7660"},"modified":"2025-12-15T10:08:45","modified_gmt":"2025-12-15T10:08:45","slug":"armband-med-fasetterade-parlor-och-guldfargat-kors-svart-och-rott","status":"publish","type":"product","link":"https:\/\/orthodoxblessings.com\/sv\/shop\/armband-med-fasetterade-parlor-och-guldfargat-kors-svart-och-rott\/","title":{"rendered":"Armband med fasetterade p\u00e4rlor och guldf\u00e4rgat kors \u2013 svart och r\u00f6tt"},"content":{"rendered":"<p>Justerbart sn\u00f6rarmband i svart eller r\u00f6tt med fasetterade kubp\u00e4rlor, guldf\u00e4rgade mellanp\u00e4rlor och ett litet kors.<\/p>\n","protected":false},"excerpt":{"rendered":"<p>Justerbart sn\u00f6rarmband i svart eller r\u00f6tt med fasetterade kubp\u00e4rlor, guldf\u00e4rgade mellanp\u00e4rlor och ett litet kors.<\/p>\n","protected":false},"featured_media":7677,"template":"","meta":{"give_campaign_id":0},"product_brand":[],"product_cat":[538],"product_tag":[],"class_list":{"0":"post-7660","1":"product","2":"type-product","3":"status-publish","4":"has-post-thumbnail","6":"product_cat-eleganta-radband","8":"first","9":"instock","10":"purchasable","11":"product-type-variable","12":"has-default-attributes","13":"rtwpvg-product"},"_links":{"self":[{"href":"https:\/\/orthodoxblessings.com\/sv\/wp-json\/wp\/v2\/product\/7660","targetHints":{"allow":["GET"]}}],"collection":[{"href":"https:\/\/orthodoxblessings.com\/sv\/wp-json\/wp\/v2\/product"}],"about":[{"href":"https:\/\/orthodoxblessings.com\/sv\/wp-json\/wp\/v2\/types\/product"}],"wp:featuredmedia":[{"embeddable":true,"href":"https:\/\/orthodoxblessings.com\/sv\/wp-json\/wp\/v2\/media\/7677"}],"wp:attachment":[{"href":"https:\/\/orthodoxblessings.com\/sv\/wp-json\/wp\/v2\/media?parent=7660"}],"wp:term":[{"taxonomy":"product_brand","embeddable":true,"href":"https:\/\/orthodoxblessings.com\/sv\/wp-json\/wp\/v2\/product_brand?post=7660"},{"taxonomy":"product_cat","embeddable":true,"href":"https:\/\/orthodoxblessings.com\/sv\/wp-json\/wp\/v2\/product_cat?post=7660"},{"taxonomy":"product_tag","embeddable":true,"href":"https:\/\/orthodoxblessings.com\/sv\/wp-json\/wp\/v2\/product_tag?post=7660"}],"curies":[{"name":"wp","href":"https:\/\/api.w.org\/{rel}","templated":true}]}}