{"id":7656,"date":"2025-12-15T09:42:21","date_gmt":"2025-12-15T09:42:21","guid":{"rendered":"https:\/\/orthodoxblessings.com\/?post_type=product&#038;p=7656"},"modified":"2025-12-15T09:49:08","modified_gmt":"2025-12-15T09:49:08","slug":"armband-med-roda-och-klara-parlor-medaljong-och-kors","status":"publish","type":"product","link":"https:\/\/orthodoxblessings.com\/sv\/shop\/armband-med-roda-och-klara-parlor-medaljong-och-kors\/","title":{"rendered":"Armband med r\u00f6da och klara p\u00e4rlor, medaljong och kors"},"content":{"rendered":"<p>Elastiskt armband med krackleklara och r\u00f6da p\u00e4rlor, guldf\u00e4rgade mellanp\u00e4rlor, ett litet kors p\u00e5 sidan och en rund medaljong.<\/p>\n","protected":false},"excerpt":{"rendered":"<p>Elastiskt armband med krackleklara och r\u00f6da p\u00e4rlor, guldf\u00e4rgade mellanp\u00e4rlor, ett litet kors p\u00e5 sidan och en rund medaljong.<\/p>\n","protected":false},"featured_media":7659,"template":"","meta":{"give_campaign_id":0},"product_brand":[],"product_cat":[538],"product_tag":[],"class_list":{"0":"post-7656","1":"product","2":"type-product","3":"status-publish","4":"has-post-thumbnail","6":"product_cat-eleganta-radband","8":"first","9":"instock","10":"purchasable","11":"product-type-simple"},"_links":{"self":[{"href":"https:\/\/orthodoxblessings.com\/sv\/wp-json\/wp\/v2\/product\/7656","targetHints":{"allow":["GET"]}}],"collection":[{"href":"https:\/\/orthodoxblessings.com\/sv\/wp-json\/wp\/v2\/product"}],"about":[{"href":"https:\/\/orthodoxblessings.com\/sv\/wp-json\/wp\/v2\/types\/product"}],"wp:featuredmedia":[{"embeddable":true,"href":"https:\/\/orthodoxblessings.com\/sv\/wp-json\/wp\/v2\/media\/7659"}],"wp:attachment":[{"href":"https:\/\/orthodoxblessings.com\/sv\/wp-json\/wp\/v2\/media?parent=7656"}],"wp:term":[{"taxonomy":"product_brand","embeddable":true,"href":"https:\/\/orthodoxblessings.com\/sv\/wp-json\/wp\/v2\/product_brand?post=7656"},{"taxonomy":"product_cat","embeddable":true,"href":"https:\/\/orthodoxblessings.com\/sv\/wp-json\/wp\/v2\/product_cat?post=7656"},{"taxonomy":"product_tag","embeddable":true,"href":"https:\/\/orthodoxblessings.com\/sv\/wp-json\/wp\/v2\/product_tag?post=7656"}],"curies":[{"name":"wp","href":"https:\/\/api.w.org\/{rel}","templated":true}]}}