{"id":7648,"date":"2025-12-13T16:43:30","date_gmt":"2025-12-13T16:43:30","guid":{"rendered":"https:\/\/orthodoxblessings.com\/?post_type=product&#038;p=7648"},"modified":"2025-12-13T16:48:17","modified_gmt":"2025-12-13T16:48:17","slug":"rott-elastiskt-parlarmband-med-guldfargade-parlor-och-kors","status":"publish","type":"product","link":"https:\/\/orthodoxblessings.com\/sv\/shop\/rott-elastiskt-parlarmband-med-guldfargade-parlor-och-kors\/","title":{"rendered":"R\u00f6tt elastiskt p\u00e4rlarmband med guldf\u00e4rgade p\u00e4rlor och kors"},"content":{"rendered":"<p>Elastiskt armband med glansiga r\u00f6da p\u00e4rlor, guldf\u00e4rgade mellanp\u00e4rlor och ett litet kors med kristaller.<\/p>\n","protected":false},"excerpt":{"rendered":"<p>Elastiskt armband med glansiga r\u00f6da p\u00e4rlor, guldf\u00e4rgade mellanp\u00e4rlor och ett litet kors med kristaller.<\/p>\n","protected":false},"featured_media":7653,"template":"","meta":{"give_campaign_id":0},"product_brand":[],"product_cat":[538],"product_tag":[],"class_list":{"0":"post-7648","1":"product","2":"type-product","3":"status-publish","4":"has-post-thumbnail","6":"product_cat-eleganta-radband","8":"first","9":"instock","10":"purchasable","11":"product-type-simple"},"_links":{"self":[{"href":"https:\/\/orthodoxblessings.com\/sv\/wp-json\/wp\/v2\/product\/7648","targetHints":{"allow":["GET"]}}],"collection":[{"href":"https:\/\/orthodoxblessings.com\/sv\/wp-json\/wp\/v2\/product"}],"about":[{"href":"https:\/\/orthodoxblessings.com\/sv\/wp-json\/wp\/v2\/types\/product"}],"wp:featuredmedia":[{"embeddable":true,"href":"https:\/\/orthodoxblessings.com\/sv\/wp-json\/wp\/v2\/media\/7653"}],"wp:attachment":[{"href":"https:\/\/orthodoxblessings.com\/sv\/wp-json\/wp\/v2\/media?parent=7648"}],"wp:term":[{"taxonomy":"product_brand","embeddable":true,"href":"https:\/\/orthodoxblessings.com\/sv\/wp-json\/wp\/v2\/product_brand?post=7648"},{"taxonomy":"product_cat","embeddable":true,"href":"https:\/\/orthodoxblessings.com\/sv\/wp-json\/wp\/v2\/product_cat?post=7648"},{"taxonomy":"product_tag","embeddable":true,"href":"https:\/\/orthodoxblessings.com\/sv\/wp-json\/wp\/v2\/product_tag?post=7648"}],"curies":[{"name":"wp","href":"https:\/\/api.w.org\/{rel}","templated":true}]}}