{"id":7621,"date":"2025-12-13T16:22:50","date_gmt":"2025-12-13T16:22:50","guid":{"rendered":"https:\/\/orthodoxblessings.com\/?post_type=product&#038;p=7621"},"modified":"2025-12-13T16:30:54","modified_gmt":"2025-12-13T16:30:54","slug":"svart-makramearmband-med-turkosa-parlor-och-kors","status":"publish","type":"product","link":"https:\/\/orthodoxblessings.com\/sv\/shop\/svart-makramearmband-med-turkosa-parlor-och-kors\/","title":{"rendered":"Svart makram\u00e9armband med turkosa p\u00e4rlor och kors"},"content":{"rendered":"<p>Justerbart svart makram\u00e9armband med kr\u00e4mf\u00e4rgade och turkosa p\u00e4rlor, silvriga mellanp\u00e4rlor och ett litet kors.<\/p>\n","protected":false},"excerpt":{"rendered":"<p>Justerbart svart makram\u00e9armband med kr\u00e4mf\u00e4rgade och turkosa p\u00e4rlor, silvriga mellanp\u00e4rlor och ett litet kors.<\/p>\n","protected":false},"featured_media":7647,"template":"","meta":{"give_campaign_id":0},"product_brand":[],"product_cat":[538],"product_tag":[],"class_list":{"0":"post-7621","1":"product","2":"type-product","3":"status-publish","4":"has-post-thumbnail","6":"product_cat-eleganta-radband","8":"first","9":"instock","10":"purchasable","11":"product-type-simple"},"_links":{"self":[{"href":"https:\/\/orthodoxblessings.com\/sv\/wp-json\/wp\/v2\/product\/7621","targetHints":{"allow":["GET"]}}],"collection":[{"href":"https:\/\/orthodoxblessings.com\/sv\/wp-json\/wp\/v2\/product"}],"about":[{"href":"https:\/\/orthodoxblessings.com\/sv\/wp-json\/wp\/v2\/types\/product"}],"wp:featuredmedia":[{"embeddable":true,"href":"https:\/\/orthodoxblessings.com\/sv\/wp-json\/wp\/v2\/media\/7647"}],"wp:attachment":[{"href":"https:\/\/orthodoxblessings.com\/sv\/wp-json\/wp\/v2\/media?parent=7621"}],"wp:term":[{"taxonomy":"product_brand","embeddable":true,"href":"https:\/\/orthodoxblessings.com\/sv\/wp-json\/wp\/v2\/product_brand?post=7621"},{"taxonomy":"product_cat","embeddable":true,"href":"https:\/\/orthodoxblessings.com\/sv\/wp-json\/wp\/v2\/product_cat?post=7621"},{"taxonomy":"product_tag","embeddable":true,"href":"https:\/\/orthodoxblessings.com\/sv\/wp-json\/wp\/v2\/product_tag?post=7621"}],"curies":[{"name":"wp","href":"https:\/\/api.w.org\/{rel}","templated":true}]}}