{"id":7575,"date":"2025-12-13T15:45:00","date_gmt":"2025-12-13T15:45:00","guid":{"rendered":"https:\/\/orthodoxblessings.com\/?post_type=product&#038;p=7575"},"modified":"2025-12-13T16:13:47","modified_gmt":"2025-12-13T16:13:47","slug":"rott-elastiskt-parlarmband-med-kors","status":"publish","type":"product","link":"https:\/\/orthodoxblessings.com\/sv\/shop\/rott-elastiskt-parlarmband-med-kors\/","title":{"rendered":"R\u00f6tt elastiskt p\u00e4rlarmband med kors"},"content":{"rendered":"<p>Elastiskt armband med sm\u00e5 r\u00f6da p\u00e4rlor, silvriga mellanp\u00e4rlor och ett kors.<\/p>\n","protected":false},"excerpt":{"rendered":"<p>Elastiskt armband med sm\u00e5 r\u00f6da p\u00e4rlor, silvriga mellanp\u00e4rlor och ett kors.<\/p>\n","protected":false},"featured_media":7602,"template":"","meta":{"give_campaign_id":0},"product_brand":[],"product_cat":[538],"product_tag":[],"class_list":{"0":"post-7575","1":"product","2":"type-product","3":"status-publish","4":"has-post-thumbnail","6":"product_cat-eleganta-radband","8":"first","9":"instock","10":"purchasable","11":"product-type-variable","12":"rtwpvg-product"},"_links":{"self":[{"href":"https:\/\/orthodoxblessings.com\/sv\/wp-json\/wp\/v2\/product\/7575","targetHints":{"allow":["GET"]}}],"collection":[{"href":"https:\/\/orthodoxblessings.com\/sv\/wp-json\/wp\/v2\/product"}],"about":[{"href":"https:\/\/orthodoxblessings.com\/sv\/wp-json\/wp\/v2\/types\/product"}],"wp:featuredmedia":[{"embeddable":true,"href":"https:\/\/orthodoxblessings.com\/sv\/wp-json\/wp\/v2\/media\/7602"}],"wp:attachment":[{"href":"https:\/\/orthodoxblessings.com\/sv\/wp-json\/wp\/v2\/media?parent=7575"}],"wp:term":[{"taxonomy":"product_brand","embeddable":true,"href":"https:\/\/orthodoxblessings.com\/sv\/wp-json\/wp\/v2\/product_brand?post=7575"},{"taxonomy":"product_cat","embeddable":true,"href":"https:\/\/orthodoxblessings.com\/sv\/wp-json\/wp\/v2\/product_cat?post=7575"},{"taxonomy":"product_tag","embeddable":true,"href":"https:\/\/orthodoxblessings.com\/sv\/wp-json\/wp\/v2\/product_tag?post=7575"}],"curies":[{"name":"wp","href":"https:\/\/api.w.org\/{rel}","templated":true}]}}