{"id":7567,"date":"2025-12-13T11:41:19","date_gmt":"2025-12-13T11:41:19","guid":{"rendered":"https:\/\/orthodoxblessings.com\/?post_type=product&#038;p=7567"},"modified":"2025-12-13T11:47:02","modified_gmt":"2025-12-13T11:47:02","slug":"rott-armband-med-parlparlor-och-kors","status":"publish","type":"product","link":"https:\/\/orthodoxblessings.com\/sv\/shop\/rott-armband-med-parlparlor-och-kors\/","title":{"rendered":"R\u00f6tt armband med p\u00e4rlp\u00e4rlor och kors"},"content":{"rendered":"<p><span class=\"HwtZe\" lang=\"sv\"><span class=\"jCAhz ChMk0b\"><span class=\"ryNqvb\">Justerbart reparmband prydt med fasetterade r\u00f6da p\u00e4rlor, sm\u00e5 vita p\u00e4rlp\u00e4rlor, silverdistanser och ett centralt kristallkors.<\/span><\/span><\/span><\/p>\n","protected":false},"excerpt":{"rendered":"<p>Justerbart reparmband prydt med fasetterade r\u00f6da p\u00e4rlor, sm\u00e5 vita p\u00e4rlp\u00e4rlor, silverdistanser och ett centralt kristallkors.<\/p>\n","protected":false},"featured_media":7572,"template":"","meta":{"give_campaign_id":0},"product_brand":[],"product_cat":[538],"product_tag":[],"class_list":{"0":"post-7567","1":"product","2":"type-product","3":"status-publish","4":"has-post-thumbnail","6":"product_cat-eleganta-radband","8":"first","9":"instock","10":"purchasable","11":"product-type-simple"},"_links":{"self":[{"href":"https:\/\/orthodoxblessings.com\/sv\/wp-json\/wp\/v2\/product\/7567","targetHints":{"allow":["GET"]}}],"collection":[{"href":"https:\/\/orthodoxblessings.com\/sv\/wp-json\/wp\/v2\/product"}],"about":[{"href":"https:\/\/orthodoxblessings.com\/sv\/wp-json\/wp\/v2\/types\/product"}],"wp:featuredmedia":[{"embeddable":true,"href":"https:\/\/orthodoxblessings.com\/sv\/wp-json\/wp\/v2\/media\/7572"}],"wp:attachment":[{"href":"https:\/\/orthodoxblessings.com\/sv\/wp-json\/wp\/v2\/media?parent=7567"}],"wp:term":[{"taxonomy":"product_brand","embeddable":true,"href":"https:\/\/orthodoxblessings.com\/sv\/wp-json\/wp\/v2\/product_brand?post=7567"},{"taxonomy":"product_cat","embeddable":true,"href":"https:\/\/orthodoxblessings.com\/sv\/wp-json\/wp\/v2\/product_cat?post=7567"},{"taxonomy":"product_tag","embeddable":true,"href":"https:\/\/orthodoxblessings.com\/sv\/wp-json\/wp\/v2\/product_tag?post=7567"}],"curies":[{"name":"wp","href":"https:\/\/api.w.org\/{rel}","templated":true}]}}