{"id":7548,"date":"2025-12-13T11:29:57","date_gmt":"2025-12-13T11:29:57","guid":{"rendered":"https:\/\/orthodoxblessings.com\/?post_type=product&#038;p=7548"},"modified":"2025-12-13T11:40:22","modified_gmt":"2025-12-13T11:40:22","slug":"svart-snorarmband-med-fargglatt-kors","status":"publish","type":"product","link":"https:\/\/orthodoxblessings.com\/sv\/shop\/svart-snorarmband-med-fargglatt-kors\/","title":{"rendered":"Svart sn\u00f6rarmband med f\u00e4rgglatt kors"},"content":{"rendered":"<p><span class=\"HwtZe\" lang=\"sv\"><span class=\"jCAhz ChMk0b\"><span class=\"ryNqvb\">Justerbart armband i r\u00f6tt och svart sn\u00f6re med guldf\u00e4rgat korsh\u00e4nge dekorerat med flerf\u00e4rgade emaljmotiv och klara kristaller.<\/span><\/span><\/span><\/p>\n","protected":false},"excerpt":{"rendered":"<p>Justerbart armband i r\u00f6tt och svart sn\u00f6re med guldf\u00e4rgat korsh\u00e4nge dekorerat med flerf\u00e4rgade emaljmotiv och klara kristaller.<\/p>\n","protected":false},"featured_media":7553,"template":"","meta":{"give_campaign_id":0},"product_brand":[],"product_cat":[538],"product_tag":[],"class_list":{"0":"post-7548","1":"product","2":"type-product","3":"status-publish","4":"has-post-thumbnail","6":"product_cat-eleganta-radband","8":"first","9":"instock","10":"purchasable","11":"product-type-variable","12":"rtwpvg-product"},"_links":{"self":[{"href":"https:\/\/orthodoxblessings.com\/sv\/wp-json\/wp\/v2\/product\/7548","targetHints":{"allow":["GET"]}}],"collection":[{"href":"https:\/\/orthodoxblessings.com\/sv\/wp-json\/wp\/v2\/product"}],"about":[{"href":"https:\/\/orthodoxblessings.com\/sv\/wp-json\/wp\/v2\/types\/product"}],"wp:featuredmedia":[{"embeddable":true,"href":"https:\/\/orthodoxblessings.com\/sv\/wp-json\/wp\/v2\/media\/7553"}],"wp:attachment":[{"href":"https:\/\/orthodoxblessings.com\/sv\/wp-json\/wp\/v2\/media?parent=7548"}],"wp:term":[{"taxonomy":"product_brand","embeddable":true,"href":"https:\/\/orthodoxblessings.com\/sv\/wp-json\/wp\/v2\/product_brand?post=7548"},{"taxonomy":"product_cat","embeddable":true,"href":"https:\/\/orthodoxblessings.com\/sv\/wp-json\/wp\/v2\/product_cat?post=7548"},{"taxonomy":"product_tag","embeddable":true,"href":"https:\/\/orthodoxblessings.com\/sv\/wp-json\/wp\/v2\/product_tag?post=7548"}],"curies":[{"name":"wp","href":"https:\/\/api.w.org\/{rel}","templated":true}]}}