{"id":7536,"date":"2025-12-13T11:11:13","date_gmt":"2025-12-13T11:11:13","guid":{"rendered":"https:\/\/orthodoxblessings.com\/?post_type=product&#038;p=7536"},"modified":"2025-12-13T11:16:40","modified_gmt":"2025-12-13T11:16:40","slug":"rott-makramearmband-med-kristallkors","status":"publish","type":"product","link":"https:\/\/orthodoxblessings.com\/sv\/shop\/rott-makramearmband-med-kristallkors\/","title":{"rendered":"R\u00f6tt makram\u00e9armband med kristallkors"},"content":{"rendered":"<p>Justerbart armband tillverkat av r\u00f6tt makram\u00e9sn\u00f6re med en central platta dekorerad med klara kristaller och ett r\u00f6tt kristallkors.<\/p>\n","protected":false},"excerpt":{"rendered":"<p>Justerbart armband tillverkat av r\u00f6tt makram\u00e9sn\u00f6re med en central platta dekorerad med klara kristaller och ett r\u00f6tt kristallkors.<\/p>\n","protected":false},"featured_media":7539,"template":"","meta":{"give_campaign_id":0},"product_brand":[],"product_cat":[538],"product_tag":[],"class_list":{"0":"post-7536","1":"product","2":"type-product","3":"status-publish","4":"has-post-thumbnail","6":"product_cat-eleganta-radband","8":"first","9":"instock","10":"purchasable","11":"product-type-simple"},"_links":{"self":[{"href":"https:\/\/orthodoxblessings.com\/sv\/wp-json\/wp\/v2\/product\/7536","targetHints":{"allow":["GET"]}}],"collection":[{"href":"https:\/\/orthodoxblessings.com\/sv\/wp-json\/wp\/v2\/product"}],"about":[{"href":"https:\/\/orthodoxblessings.com\/sv\/wp-json\/wp\/v2\/types\/product"}],"wp:featuredmedia":[{"embeddable":true,"href":"https:\/\/orthodoxblessings.com\/sv\/wp-json\/wp\/v2\/media\/7539"}],"wp:attachment":[{"href":"https:\/\/orthodoxblessings.com\/sv\/wp-json\/wp\/v2\/media?parent=7536"}],"wp:term":[{"taxonomy":"product_brand","embeddable":true,"href":"https:\/\/orthodoxblessings.com\/sv\/wp-json\/wp\/v2\/product_brand?post=7536"},{"taxonomy":"product_cat","embeddable":true,"href":"https:\/\/orthodoxblessings.com\/sv\/wp-json\/wp\/v2\/product_cat?post=7536"},{"taxonomy":"product_tag","embeddable":true,"href":"https:\/\/orthodoxblessings.com\/sv\/wp-json\/wp\/v2\/product_tag?post=7536"}],"curies":[{"name":"wp","href":"https:\/\/api.w.org\/{rel}","templated":true}]}}