{"id":7524,"date":"2025-12-13T11:03:26","date_gmt":"2025-12-13T11:03:26","guid":{"rendered":"https:\/\/orthodoxblessings.com\/?post_type=product&#038;p=7524"},"modified":"2025-12-13T11:09:48","modified_gmt":"2025-12-13T11:09:48","slug":"rott-parlarmband-med-klover","status":"publish","type":"product","link":"https:\/\/orthodoxblessings.com\/sv\/shop\/rott-parlarmband-med-klover\/","title":{"rendered":"R\u00f6tt p\u00e4rlarmband med kl\u00f6ver"},"content":{"rendered":"<p>Justerbart r\u00f6tt sn\u00f6rarmband med fasetterade r\u00f6da och gyllene p\u00e4rlor samt ett litet kl\u00f6verh\u00e4nge i mitten, perfekt f\u00f6r vardagsbruk eller som present.<\/p>\n","protected":false},"excerpt":{"rendered":"<p>Justerbart r\u00f6tt sn\u00f6rarmband med fasetterade r\u00f6da och gyllene p\u00e4rlor samt ett litet kl\u00f6verh\u00e4nge i mitten, perfekt f\u00f6r vardagsbruk eller som present.<\/p>\n","protected":false},"featured_media":7533,"template":"","meta":{"give_campaign_id":0},"product_brand":[],"product_cat":[540],"product_tag":[],"class_list":{"0":"post-7524","1":"product","2":"type-product","3":"status-publish","4":"has-post-thumbnail","6":"product_cat-kyrkans-radband","8":"first","9":"instock","10":"purchasable","11":"product-type-simple"},"_links":{"self":[{"href":"https:\/\/orthodoxblessings.com\/sv\/wp-json\/wp\/v2\/product\/7524","targetHints":{"allow":["GET"]}}],"collection":[{"href":"https:\/\/orthodoxblessings.com\/sv\/wp-json\/wp\/v2\/product"}],"about":[{"href":"https:\/\/orthodoxblessings.com\/sv\/wp-json\/wp\/v2\/types\/product"}],"wp:featuredmedia":[{"embeddable":true,"href":"https:\/\/orthodoxblessings.com\/sv\/wp-json\/wp\/v2\/media\/7533"}],"wp:attachment":[{"href":"https:\/\/orthodoxblessings.com\/sv\/wp-json\/wp\/v2\/media?parent=7524"}],"wp:term":[{"taxonomy":"product_brand","embeddable":true,"href":"https:\/\/orthodoxblessings.com\/sv\/wp-json\/wp\/v2\/product_brand?post=7524"},{"taxonomy":"product_cat","embeddable":true,"href":"https:\/\/orthodoxblessings.com\/sv\/wp-json\/wp\/v2\/product_cat?post=7524"},{"taxonomy":"product_tag","embeddable":true,"href":"https:\/\/orthodoxblessings.com\/sv\/wp-json\/wp\/v2\/product_tag?post=7524"}],"curies":[{"name":"wp","href":"https:\/\/api.w.org\/{rel}","templated":true}]}}