{"id":7466,"date":"2025-12-13T10:00:31","date_gmt":"2025-12-13T10:00:31","guid":{"rendered":"https:\/\/orthodoxblessings.com\/?post_type=product&#038;p=7466"},"modified":"2025-12-13T10:30:12","modified_gmt":"2025-12-13T10:30:12","slug":"barnarmband-med-radband","status":"publish","type":"product","link":"https:\/\/orthodoxblessings.com\/sv\/shop\/barnarmband-med-radband\/","title":{"rendered":"Barnarmband med radband"},"content":{"rendered":"<p>Handknutet radbandsarmband f\u00f6r barn, gjort av h\u00e5llbar tr\u00e5d med ett litet kors och p\u00e4rlor i r\u00f6tt, svart, beige, gr\u00f6nt, gult eller bl\u00e5tt.<\/p>\n","protected":false},"excerpt":{"rendered":"<p>Handknutet radbandsarmband f\u00f6r barn, gjort av h\u00e5llbar tr\u00e5d med ett litet kors och p\u00e4rlor i r\u00f6tt, svart, beige, gr\u00f6nt, gult eller bl\u00e5tt.<\/p>\n","protected":false},"featured_media":7494,"template":"","meta":{"give_campaign_id":0},"product_brand":[],"product_cat":[540],"product_tag":[],"class_list":{"0":"post-7466","1":"product","2":"type-product","3":"status-publish","4":"has-post-thumbnail","6":"product_cat-kyrkans-radband","8":"first","9":"instock","10":"purchasable","11":"product-type-variable","12":"rtwpvg-product"},"_links":{"self":[{"href":"https:\/\/orthodoxblessings.com\/sv\/wp-json\/wp\/v2\/product\/7466","targetHints":{"allow":["GET"]}}],"collection":[{"href":"https:\/\/orthodoxblessings.com\/sv\/wp-json\/wp\/v2\/product"}],"about":[{"href":"https:\/\/orthodoxblessings.com\/sv\/wp-json\/wp\/v2\/types\/product"}],"wp:featuredmedia":[{"embeddable":true,"href":"https:\/\/orthodoxblessings.com\/sv\/wp-json\/wp\/v2\/media\/7494"}],"wp:attachment":[{"href":"https:\/\/orthodoxblessings.com\/sv\/wp-json\/wp\/v2\/media?parent=7466"}],"wp:term":[{"taxonomy":"product_brand","embeddable":true,"href":"https:\/\/orthodoxblessings.com\/sv\/wp-json\/wp\/v2\/product_brand?post=7466"},{"taxonomy":"product_cat","embeddable":true,"href":"https:\/\/orthodoxblessings.com\/sv\/wp-json\/wp\/v2\/product_cat?post=7466"},{"taxonomy":"product_tag","embeddable":true,"href":"https:\/\/orthodoxblessings.com\/sv\/wp-json\/wp\/v2\/product_tag?post=7466"}],"curies":[{"name":"wp","href":"https:\/\/api.w.org\/{rel}","templated":true}]}}