{"id":7443,"date":"2025-12-13T09:43:35","date_gmt":"2025-12-13T09:43:35","guid":{"rendered":"https:\/\/orthodoxblessings.com\/?post_type=product&#038;p=7443"},"modified":"2025-12-13T09:49:39","modified_gmt":"2025-12-13T09:49:39","slug":"trahange-med-krucifix","status":"publish","type":"product","link":"https:\/\/orthodoxblessings.com\/sv\/shop\/trahange-med-krucifix\/","title":{"rendered":"Tr\u00e4h\u00e4nge med krucifix"},"content":{"rendered":"<p>Ljust tr\u00e4kors med ingraverad bild av Kristus p\u00e5 korset och \u00f6ppning f\u00f6r sn\u00f6re, avsett att b\u00e4ras runt halsen som ett uttryck f\u00f6r tron.<\/p>\n","protected":false},"excerpt":{"rendered":"<p>Ljust tr\u00e4kors med ingraverad bild av Kristus p\u00e5 korset och \u00f6ppning f\u00f6r sn\u00f6re, avsett att b\u00e4ras runt halsen som ett uttryck f\u00f6r tron.<\/p>\n","protected":false},"featured_media":7446,"template":"","meta":{"give_campaign_id":0},"product_brand":[],"product_cat":[516],"product_tag":[],"class_list":{"0":"post-7443","1":"product","2":"type-product","3":"status-publish","4":"has-post-thumbnail","6":"product_cat-kors","8":"first","9":"instock","10":"shipping-taxable","11":"purchasable","12":"product-type-simple"},"_links":{"self":[{"href":"https:\/\/orthodoxblessings.com\/sv\/wp-json\/wp\/v2\/product\/7443","targetHints":{"allow":["GET"]}}],"collection":[{"href":"https:\/\/orthodoxblessings.com\/sv\/wp-json\/wp\/v2\/product"}],"about":[{"href":"https:\/\/orthodoxblessings.com\/sv\/wp-json\/wp\/v2\/types\/product"}],"wp:featuredmedia":[{"embeddable":true,"href":"https:\/\/orthodoxblessings.com\/sv\/wp-json\/wp\/v2\/media\/7446"}],"wp:attachment":[{"href":"https:\/\/orthodoxblessings.com\/sv\/wp-json\/wp\/v2\/media?parent=7443"}],"wp:term":[{"taxonomy":"product_brand","embeddable":true,"href":"https:\/\/orthodoxblessings.com\/sv\/wp-json\/wp\/v2\/product_brand?post=7443"},{"taxonomy":"product_cat","embeddable":true,"href":"https:\/\/orthodoxblessings.com\/sv\/wp-json\/wp\/v2\/product_cat?post=7443"},{"taxonomy":"product_tag","embeddable":true,"href":"https:\/\/orthodoxblessings.com\/sv\/wp-json\/wp\/v2\/product_tag?post=7443"}],"curies":[{"name":"wp","href":"https:\/\/api.w.org\/{rel}","templated":true}]}}