{"id":7434,"date":"2025-12-13T09:29:47","date_gmt":"2025-12-13T09:29:47","guid":{"rendered":"https:\/\/orthodoxblessings.com\/?post_type=product&#038;p=7434"},"modified":"2025-12-13T09:38:49","modified_gmt":"2025-12-13T09:38:49","slug":"trahange-med-ikon-och-snore-copy","status":"publish","type":"product","link":"https:\/\/orthodoxblessings.com\/sv\/shop\/trahange-med-ikon-och-snore-copy\/","title":{"rendered":"Ortodoxt tr\u00e4korsh\u00e4nge med sn\u00f6re"},"content":{"rendered":"<p>Ortodoxt tr\u00e4kors med ingraverade detaljer och m\u00f6rkt sn\u00f6re i en genomskinlig ask, perfekt att b\u00e4ra runt halsen eller ge som enkel v\u00e4lsignad g\u00e5va.<\/p>\n","protected":false},"excerpt":{"rendered":"<p>Ortodoxt tr\u00e4kors med ingraverade detaljer och m\u00f6rkt sn\u00f6re i en genomskinlig ask, perfekt att b\u00e4ra runt halsen eller ge som enkel v\u00e4lsignad g\u00e5va.<\/p>\n","protected":false},"featured_media":7437,"template":"","meta":{"give_campaign_id":0},"product_brand":[],"product_cat":[516],"product_tag":[],"class_list":{"0":"post-7434","1":"product","2":"type-product","3":"status-publish","4":"has-post-thumbnail","6":"product_cat-kors","8":"first","9":"instock","10":"shipping-taxable","11":"purchasable","12":"product-type-simple"},"_links":{"self":[{"href":"https:\/\/orthodoxblessings.com\/sv\/wp-json\/wp\/v2\/product\/7434","targetHints":{"allow":["GET"]}}],"collection":[{"href":"https:\/\/orthodoxblessings.com\/sv\/wp-json\/wp\/v2\/product"}],"about":[{"href":"https:\/\/orthodoxblessings.com\/sv\/wp-json\/wp\/v2\/types\/product"}],"wp:featuredmedia":[{"embeddable":true,"href":"https:\/\/orthodoxblessings.com\/sv\/wp-json\/wp\/v2\/media\/7437"}],"wp:attachment":[{"href":"https:\/\/orthodoxblessings.com\/sv\/wp-json\/wp\/v2\/media?parent=7434"}],"wp:term":[{"taxonomy":"product_brand","embeddable":true,"href":"https:\/\/orthodoxblessings.com\/sv\/wp-json\/wp\/v2\/product_brand?post=7434"},{"taxonomy":"product_cat","embeddable":true,"href":"https:\/\/orthodoxblessings.com\/sv\/wp-json\/wp\/v2\/product_cat?post=7434"},{"taxonomy":"product_tag","embeddable":true,"href":"https:\/\/orthodoxblessings.com\/sv\/wp-json\/wp\/v2\/product_tag?post=7434"}],"curies":[{"name":"wp","href":"https:\/\/api.w.org\/{rel}","templated":true}]}}