{"id":7425,"date":"2025-12-13T09:16:03","date_gmt":"2025-12-13T09:16:03","guid":{"rendered":"https:\/\/orthodoxblessings.com\/?post_type=product&#038;p=7425"},"modified":"2025-12-13T09:22:40","modified_gmt":"2025-12-13T09:22:40","slug":"trahange-med-ikon-och-snore","status":"publish","type":"product","link":"https:\/\/orthodoxblessings.com\/sv\/shop\/trahange-med-ikon-och-snore\/","title":{"rendered":"Tr\u00e4h\u00e4nge med ikon och sn\u00f6re"},"content":{"rendered":"<p>Ovalt tr\u00e4smide med helgonikon och l\u00e4tt sn\u00f6re i en genomskinlig ask, perfekt att b\u00e4ra runt halsen eller ha som skyddande v\u00e4lsignelse i hemmet.<\/p>\n","protected":false},"excerpt":{"rendered":"<p>Ovalt tr\u00e4smide med helgonikon och l\u00e4tt sn\u00f6re i en genomskinlig ask, perfekt att b\u00e4ra runt halsen eller ha som skyddande v\u00e4lsignelse i hemmet.<\/p>\n","protected":false},"featured_media":7431,"template":"","meta":{"give_campaign_id":0},"product_brand":[],"product_cat":[516],"product_tag":[],"class_list":{"0":"post-7425","1":"product","2":"type-product","3":"status-publish","4":"has-post-thumbnail","6":"product_cat-kors","8":"first","9":"instock","10":"shipping-taxable","11":"purchasable","12":"product-type-simple"},"_links":{"self":[{"href":"https:\/\/orthodoxblessings.com\/sv\/wp-json\/wp\/v2\/product\/7425","targetHints":{"allow":["GET"]}}],"collection":[{"href":"https:\/\/orthodoxblessings.com\/sv\/wp-json\/wp\/v2\/product"}],"about":[{"href":"https:\/\/orthodoxblessings.com\/sv\/wp-json\/wp\/v2\/types\/product"}],"wp:featuredmedia":[{"embeddable":true,"href":"https:\/\/orthodoxblessings.com\/sv\/wp-json\/wp\/v2\/media\/7431"}],"wp:attachment":[{"href":"https:\/\/orthodoxblessings.com\/sv\/wp-json\/wp\/v2\/media?parent=7425"}],"wp:term":[{"taxonomy":"product_brand","embeddable":true,"href":"https:\/\/orthodoxblessings.com\/sv\/wp-json\/wp\/v2\/product_brand?post=7425"},{"taxonomy":"product_cat","embeddable":true,"href":"https:\/\/orthodoxblessings.com\/sv\/wp-json\/wp\/v2\/product_cat?post=7425"},{"taxonomy":"product_tag","embeddable":true,"href":"https:\/\/orthodoxblessings.com\/sv\/wp-json\/wp\/v2\/product_tag?post=7425"}],"curies":[{"name":"wp","href":"https:\/\/api.w.org\/{rel}","templated":true}]}}