{"id":7398,"date":"2025-12-12T15:51:00","date_gmt":"2025-12-12T15:51:00","guid":{"rendered":"https:\/\/orthodoxblessings.com\/?post_type=product&#038;p=7398"},"modified":"2025-12-13T09:10:33","modified_gmt":"2025-12-13T09:10:33","slug":"trakors-med-emalj-och-rep","status":"publish","type":"product","link":"https:\/\/orthodoxblessings.com\/sv\/shop\/trakors-med-emalj-och-rep\/","title":{"rendered":"Tr\u00e4kors med emalj och rep"},"content":{"rendered":"<p><span class=\"HwtZe\" lang=\"sv\"><span class=\"jCAhz ChMk0b\"><span class=\"ryNqvb\">Ortodoxt tr\u00e4kors med inristade detaljer och justerbart sn\u00f6re i en transparent ask, l\u00e4mplig att b\u00e4ra runt halsen eller som en v\u00e4lsignelse i hemmet.<\/span><\/span><\/span><\/p>\n","protected":false},"excerpt":{"rendered":"<p>Ortodoxt tr\u00e4kors med inristade detaljer och justerbart sn\u00f6re i en transparent ask, l\u00e4mplig att b\u00e4ra runt halsen eller som en v\u00e4lsignelse i hemmet.<\/p>\n","protected":false},"featured_media":7413,"template":"","meta":{"give_campaign_id":0},"product_brand":[],"product_cat":[516],"product_tag":[],"class_list":{"0":"post-7398","1":"product","2":"type-product","3":"status-publish","4":"has-post-thumbnail","6":"product_cat-kors","8":"first","9":"instock","10":"shipping-taxable","11":"purchasable","12":"product-type-variable","13":"rtwpvg-product"},"_links":{"self":[{"href":"https:\/\/orthodoxblessings.com\/sv\/wp-json\/wp\/v2\/product\/7398","targetHints":{"allow":["GET"]}}],"collection":[{"href":"https:\/\/orthodoxblessings.com\/sv\/wp-json\/wp\/v2\/product"}],"about":[{"href":"https:\/\/orthodoxblessings.com\/sv\/wp-json\/wp\/v2\/types\/product"}],"wp:featuredmedia":[{"embeddable":true,"href":"https:\/\/orthodoxblessings.com\/sv\/wp-json\/wp\/v2\/media\/7413"}],"wp:attachment":[{"href":"https:\/\/orthodoxblessings.com\/sv\/wp-json\/wp\/v2\/media?parent=7398"}],"wp:term":[{"taxonomy":"product_brand","embeddable":true,"href":"https:\/\/orthodoxblessings.com\/sv\/wp-json\/wp\/v2\/product_brand?post=7398"},{"taxonomy":"product_cat","embeddable":true,"href":"https:\/\/orthodoxblessings.com\/sv\/wp-json\/wp\/v2\/product_cat?post=7398"},{"taxonomy":"product_tag","embeddable":true,"href":"https:\/\/orthodoxblessings.com\/sv\/wp-json\/wp\/v2\/product_tag?post=7398"}],"curies":[{"name":"wp","href":"https:\/\/api.w.org\/{rel}","templated":true}]}}