{"id":7392,"date":"2025-12-12T15:33:10","date_gmt":"2025-12-12T15:33:10","guid":{"rendered":"https:\/\/orthodoxblessings.com\/?post_type=product&#038;p=7392"},"modified":"2025-12-12T15:44:02","modified_gmt":"2025-12-12T15:44:02","slug":"trakorshange-med-snore","status":"publish","type":"product","link":"https:\/\/orthodoxblessings.com\/sv\/shop\/trakorshange-med-snore\/","title":{"rendered":"Tr\u00e4korsh\u00e4nge med sn\u00f6re"},"content":{"rendered":"<p>Ortodoxt tr\u00e4kors med ingraverade detaljer och justerbart sn\u00f6re i en genomskinlig ask, l\u00e4mpligt att b\u00e4ra runt halsen eller ha som v\u00e4lsignelse i hemmet.<\/p>\n","protected":false},"excerpt":{"rendered":"<p>Ortodoxt tr\u00e4kors med ingraverade detaljer och justerbart sn\u00f6re i en genomskinlig ask, l\u00e4mpligt att b\u00e4ra runt halsen eller ha som v\u00e4lsignelse i hemmet.<\/p>\n","protected":false},"featured_media":7395,"template":"","meta":{"give_campaign_id":0},"product_brand":[],"product_cat":[516],"product_tag":[],"class_list":{"0":"post-7392","1":"product","2":"type-product","3":"status-publish","4":"has-post-thumbnail","6":"product_cat-kors","8":"first","9":"instock","10":"shipping-taxable","11":"purchasable","12":"product-type-simple"},"_links":{"self":[{"href":"https:\/\/orthodoxblessings.com\/sv\/wp-json\/wp\/v2\/product\/7392","targetHints":{"allow":["GET"]}}],"collection":[{"href":"https:\/\/orthodoxblessings.com\/sv\/wp-json\/wp\/v2\/product"}],"about":[{"href":"https:\/\/orthodoxblessings.com\/sv\/wp-json\/wp\/v2\/types\/product"}],"wp:featuredmedia":[{"embeddable":true,"href":"https:\/\/orthodoxblessings.com\/sv\/wp-json\/wp\/v2\/media\/7395"}],"wp:attachment":[{"href":"https:\/\/orthodoxblessings.com\/sv\/wp-json\/wp\/v2\/media?parent=7392"}],"wp:term":[{"taxonomy":"product_brand","embeddable":true,"href":"https:\/\/orthodoxblessings.com\/sv\/wp-json\/wp\/v2\/product_brand?post=7392"},{"taxonomy":"product_cat","embeddable":true,"href":"https:\/\/orthodoxblessings.com\/sv\/wp-json\/wp\/v2\/product_cat?post=7392"},{"taxonomy":"product_tag","embeddable":true,"href":"https:\/\/orthodoxblessings.com\/sv\/wp-json\/wp\/v2\/product_tag?post=7392"}],"curies":[{"name":"wp","href":"https:\/\/api.w.org\/{rel}","templated":true}]}}