{"id":7377,"date":"2025-12-11T16:42:06","date_gmt":"2025-12-11T16:42:06","guid":{"rendered":"https:\/\/orthodoxblessings.com\/?post_type=product&#038;p=7377"},"modified":"2025-12-11T16:52:57","modified_gmt":"2025-12-11T16:52:57","slug":"rott-armband-med-gyllene-kors","status":"publish","type":"product","link":"https:\/\/orthodoxblessings.com\/sv\/shop\/rott-armband-med-gyllene-kors\/","title":{"rendered":"R\u00f6tt armband med gyllene kors"},"content":{"rendered":"<p><span class=\"HwtZe\" lang=\"sv\"><span class=\"jCAhz ChMk0b\"><span class=\"ryNqvb\">Fint r\u00f6tt armband med textilsn\u00f6re, gyllene kors och justerbar kedja, perfekt som en symbol f\u00f6r tro.<\/span><\/span><\/span><\/p>\n","protected":false},"excerpt":{"rendered":"<p>Fint r\u00f6tt armband med textilsn\u00f6re, gyllene kors och justerbar kedja, perfekt som en symbol f\u00f6r tro.<\/p>\n","protected":false},"featured_media":7386,"template":"","meta":{"give_campaign_id":0},"product_brand":[],"product_cat":[538],"product_tag":[],"class_list":{"0":"post-7377","1":"product","2":"type-product","3":"status-publish","4":"has-post-thumbnail","6":"product_cat-eleganta-radband","8":"first","9":"instock","10":"shipping-taxable","11":"purchasable","12":"product-type-variable","13":"rtwpvg-product"},"_links":{"self":[{"href":"https:\/\/orthodoxblessings.com\/sv\/wp-json\/wp\/v2\/product\/7377","targetHints":{"allow":["GET"]}}],"collection":[{"href":"https:\/\/orthodoxblessings.com\/sv\/wp-json\/wp\/v2\/product"}],"about":[{"href":"https:\/\/orthodoxblessings.com\/sv\/wp-json\/wp\/v2\/types\/product"}],"wp:featuredmedia":[{"embeddable":true,"href":"https:\/\/orthodoxblessings.com\/sv\/wp-json\/wp\/v2\/media\/7386"}],"wp:attachment":[{"href":"https:\/\/orthodoxblessings.com\/sv\/wp-json\/wp\/v2\/media?parent=7377"}],"wp:term":[{"taxonomy":"product_brand","embeddable":true,"href":"https:\/\/orthodoxblessings.com\/sv\/wp-json\/wp\/v2\/product_brand?post=7377"},{"taxonomy":"product_cat","embeddable":true,"href":"https:\/\/orthodoxblessings.com\/sv\/wp-json\/wp\/v2\/product_cat?post=7377"},{"taxonomy":"product_tag","embeddable":true,"href":"https:\/\/orthodoxblessings.com\/sv\/wp-json\/wp\/v2\/product_tag?post=7377"}],"curies":[{"name":"wp","href":"https:\/\/api.w.org\/{rel}","templated":true}]}}