{"id":7365,"date":"2025-12-11T16:30:35","date_gmt":"2025-12-11T16:30:35","guid":{"rendered":"https:\/\/orthodoxblessings.com\/?post_type=product&#038;p=7365"},"modified":"2025-12-11T16:40:26","modified_gmt":"2025-12-11T16:40:26","slug":"turkos-armband-med-jungfru-maria","status":"publish","type":"product","link":"https:\/\/orthodoxblessings.com\/sv\/shop\/turkos-armband-med-jungfru-maria\/","title":{"rendered":"Turkos armband med Jungfru Maria"},"content":{"rendered":"<p><span class=\"HwtZe\" lang=\"sv\"><span class=\"jCAhz ChMk0b\"><span class=\"ryNqvb\">Elastiskt armband med turkosa p\u00e4rlor och en guldf\u00e4rgad Jungfru Maria-berlock och rosa tofs, perfekt som en delikat religi\u00f6s detalj.<\/span><\/span><\/span><\/p>\n","protected":false},"excerpt":{"rendered":"<p>Elastiskt armband med turkosa p\u00e4rlor och en guldf\u00e4rgad Jungfru Maria-berlock och rosa tofs, perfekt som en delikat religi\u00f6s detalj.<\/p>\n","protected":false},"featured_media":7374,"template":"","meta":{"give_campaign_id":0},"product_brand":[],"product_cat":[538],"product_tag":[],"class_list":{"0":"post-7365","1":"product","2":"type-product","3":"status-publish","4":"has-post-thumbnail","6":"product_cat-eleganta-radband","8":"first","9":"instock","10":"shipping-taxable","11":"purchasable","12":"product-type-simple"},"_links":{"self":[{"href":"https:\/\/orthodoxblessings.com\/sv\/wp-json\/wp\/v2\/product\/7365","targetHints":{"allow":["GET"]}}],"collection":[{"href":"https:\/\/orthodoxblessings.com\/sv\/wp-json\/wp\/v2\/product"}],"about":[{"href":"https:\/\/orthodoxblessings.com\/sv\/wp-json\/wp\/v2\/types\/product"}],"wp:featuredmedia":[{"embeddable":true,"href":"https:\/\/orthodoxblessings.com\/sv\/wp-json\/wp\/v2\/media\/7374"}],"wp:attachment":[{"href":"https:\/\/orthodoxblessings.com\/sv\/wp-json\/wp\/v2\/media?parent=7365"}],"wp:term":[{"taxonomy":"product_brand","embeddable":true,"href":"https:\/\/orthodoxblessings.com\/sv\/wp-json\/wp\/v2\/product_brand?post=7365"},{"taxonomy":"product_cat","embeddable":true,"href":"https:\/\/orthodoxblessings.com\/sv\/wp-json\/wp\/v2\/product_cat?post=7365"},{"taxonomy":"product_tag","embeddable":true,"href":"https:\/\/orthodoxblessings.com\/sv\/wp-json\/wp\/v2\/product_tag?post=7365"}],"curies":[{"name":"wp","href":"https:\/\/api.w.org\/{rel}","templated":true}]}}