{"id":7338,"date":"2025-12-11T16:13:30","date_gmt":"2025-12-11T16:13:30","guid":{"rendered":"https:\/\/orthodoxblessings.com\/?post_type=product&#038;p=7338"},"modified":"2025-12-11T16:26:42","modified_gmt":"2025-12-11T16:26:42","slug":"stort-bonehalsband-i-tra-med-kors-i-plastask","status":"publish","type":"product","link":"https:\/\/orthodoxblessings.com\/sv\/shop\/stort-bonehalsband-i-tra-med-kors-i-plastask\/","title":{"rendered":"Stort b\u00f6nehalsband i tr\u00e4 med kors \u2013 i plastask"},"content":{"rendered":"<p><span class=\"HwtZe\" lang=\"sv\"><span class=\"jCAhz ChMk0b\"><span class=\"ryNqvb\">B\u00f6nerep i tr\u00e4 av naturligt tr\u00e4, dekorerat med ett kors.<\/span><\/span><\/span><\/p>\n","protected":false},"excerpt":{"rendered":"<p>B\u00f6nerep i tr\u00e4 av naturligt tr\u00e4, dekorerat med ett kors.<\/p>\n","protected":false},"featured_media":7347,"template":"","meta":{"give_campaign_id":0},"product_brand":[],"product_cat":[505],"product_tag":[],"class_list":{"0":"post-7338","1":"product","2":"type-product","3":"status-publish","4":"has-post-thumbnail","6":"product_cat-radband-av-tra","8":"first","9":"instock","10":"purchasable","11":"product-type-variable","12":"rtwpvg-product"},"_links":{"self":[{"href":"https:\/\/orthodoxblessings.com\/sv\/wp-json\/wp\/v2\/product\/7338","targetHints":{"allow":["GET"]}}],"collection":[{"href":"https:\/\/orthodoxblessings.com\/sv\/wp-json\/wp\/v2\/product"}],"about":[{"href":"https:\/\/orthodoxblessings.com\/sv\/wp-json\/wp\/v2\/types\/product"}],"wp:featuredmedia":[{"embeddable":true,"href":"https:\/\/orthodoxblessings.com\/sv\/wp-json\/wp\/v2\/media\/7347"}],"wp:attachment":[{"href":"https:\/\/orthodoxblessings.com\/sv\/wp-json\/wp\/v2\/media?parent=7338"}],"wp:term":[{"taxonomy":"product_brand","embeddable":true,"href":"https:\/\/orthodoxblessings.com\/sv\/wp-json\/wp\/v2\/product_brand?post=7338"},{"taxonomy":"product_cat","embeddable":true,"href":"https:\/\/orthodoxblessings.com\/sv\/wp-json\/wp\/v2\/product_cat?post=7338"},{"taxonomy":"product_tag","embeddable":true,"href":"https:\/\/orthodoxblessings.com\/sv\/wp-json\/wp\/v2\/product_tag?post=7338"}],"curies":[{"name":"wp","href":"https:\/\/api.w.org\/{rel}","templated":true}]}}