{"id":7323,"date":"2025-12-11T15:38:56","date_gmt":"2025-12-11T15:38:56","guid":{"rendered":"https:\/\/orthodoxblessings.com\/?post_type=product&#038;p=7323"},"modified":"2025-12-11T15:53:58","modified_gmt":"2025-12-11T15:53:58","slug":"herrarmband-med-kristna-symboler","status":"publish","type":"product","link":"https:\/\/orthodoxblessings.com\/sv\/shop\/herrarmband-med-kristna-symboler\/","title":{"rendered":"Herrarmband med kristna symboler"},"content":{"rendered":"<p>Elegant metallarmband med kors och graverade religi\u00f6sa symboler, perfekt f\u00f6r dagligt bruk eller som g\u00e5va till troende.<\/p>\n","protected":false},"excerpt":{"rendered":"<p>Elegant metallarmband med kors och graverade religi\u00f6sa symboler, perfekt f\u00f6r dagligt bruk eller som g\u00e5va till troende.<\/p>\n","protected":false},"featured_media":7328,"template":"","meta":{"give_campaign_id":0},"product_brand":[],"product_cat":[538],"product_tag":[],"class_list":{"0":"post-7323","1":"product","2":"type-product","3":"status-publish","4":"has-post-thumbnail","6":"product_cat-eleganta-radband","8":"first","9":"instock","10":"shipping-taxable","11":"purchasable","12":"product-type-simple"},"_links":{"self":[{"href":"https:\/\/orthodoxblessings.com\/sv\/wp-json\/wp\/v2\/product\/7323","targetHints":{"allow":["GET"]}}],"collection":[{"href":"https:\/\/orthodoxblessings.com\/sv\/wp-json\/wp\/v2\/product"}],"about":[{"href":"https:\/\/orthodoxblessings.com\/sv\/wp-json\/wp\/v2\/types\/product"}],"wp:featuredmedia":[{"embeddable":true,"href":"https:\/\/orthodoxblessings.com\/sv\/wp-json\/wp\/v2\/media\/7328"}],"wp:attachment":[{"href":"https:\/\/orthodoxblessings.com\/sv\/wp-json\/wp\/v2\/media?parent=7323"}],"wp:term":[{"taxonomy":"product_brand","embeddable":true,"href":"https:\/\/orthodoxblessings.com\/sv\/wp-json\/wp\/v2\/product_brand?post=7323"},{"taxonomy":"product_cat","embeddable":true,"href":"https:\/\/orthodoxblessings.com\/sv\/wp-json\/wp\/v2\/product_cat?post=7323"},{"taxonomy":"product_tag","embeddable":true,"href":"https:\/\/orthodoxblessings.com\/sv\/wp-json\/wp\/v2\/product_tag?post=7323"}],"curies":[{"name":"wp","href":"https:\/\/api.w.org\/{rel}","templated":true}]}}