{"id":7298,"date":"2025-12-11T14:55:20","date_gmt":"2025-12-11T14:55:20","guid":{"rendered":"https:\/\/orthodoxblessings.com\/?post_type=product&#038;p=7298"},"modified":"2025-12-11T15:12:06","modified_gmt":"2025-12-11T15:12:06","slug":"laderarmband-med-kors","status":"publish","type":"product","link":"https:\/\/orthodoxblessings.com\/sv\/shop\/laderarmband-med-kors\/","title":{"rendered":"L\u00e4derarmband med kors"},"content":{"rendered":"<p><span class=\"HwtZe\" lang=\"sv\"><span class=\"jCAhz ChMk0b\"><span class=\"ryNqvb\">Svart l\u00e4derarmband med detaljer i rostfritt st\u00e5l, utformat som en p\u00e5minnelse om inre styrka och tro p\u00e5 Gud.<\/span><\/span><\/span><\/p>\n","protected":false},"excerpt":{"rendered":"<p>Svart l\u00e4derarmband med detaljer i rostfritt st\u00e5l, utformat som en p\u00e5minnelse om inre styrka och tro p\u00e5 Gud.<\/p>\n","protected":false},"featured_media":7316,"template":"","meta":{"give_campaign_id":0},"product_brand":[],"product_cat":[538],"product_tag":[],"class_list":{"0":"post-7298","1":"product","2":"type-product","3":"status-publish","4":"has-post-thumbnail","6":"product_cat-eleganta-radband","8":"first","9":"instock","10":"shipping-taxable","11":"purchasable","12":"product-type-variable","13":"rtwpvg-product"},"_links":{"self":[{"href":"https:\/\/orthodoxblessings.com\/sv\/wp-json\/wp\/v2\/product\/7298","targetHints":{"allow":["GET"]}}],"collection":[{"href":"https:\/\/orthodoxblessings.com\/sv\/wp-json\/wp\/v2\/product"}],"about":[{"href":"https:\/\/orthodoxblessings.com\/sv\/wp-json\/wp\/v2\/types\/product"}],"wp:featuredmedia":[{"embeddable":true,"href":"https:\/\/orthodoxblessings.com\/sv\/wp-json\/wp\/v2\/media\/7316"}],"wp:attachment":[{"href":"https:\/\/orthodoxblessings.com\/sv\/wp-json\/wp\/v2\/media?parent=7298"}],"wp:term":[{"taxonomy":"product_brand","embeddable":true,"href":"https:\/\/orthodoxblessings.com\/sv\/wp-json\/wp\/v2\/product_brand?post=7298"},{"taxonomy":"product_cat","embeddable":true,"href":"https:\/\/orthodoxblessings.com\/sv\/wp-json\/wp\/v2\/product_cat?post=7298"},{"taxonomy":"product_tag","embeddable":true,"href":"https:\/\/orthodoxblessings.com\/sv\/wp-json\/wp\/v2\/product_tag?post=7298"}],"curies":[{"name":"wp","href":"https:\/\/api.w.org\/{rel}","templated":true}]}}