{"id":7289,"date":"2025-12-11T14:39:04","date_gmt":"2025-12-11T14:39:04","guid":{"rendered":"https:\/\/orthodoxblessings.com\/?post_type=product&#038;p=7289"},"modified":"2025-12-11T14:50:40","modified_gmt":"2025-12-11T14:50:40","slug":"laderarmband-med-inskription-%d1%81%d0%bf%d0%b0%d1%81%d0%b8-%d1%81%d0%be%d1%85%d1%80%d0%b0%d0%bd%d0%b8","status":"publish","type":"product","link":"https:\/\/orthodoxblessings.com\/sv\/shop\/laderarmband-med-inskription-%d1%81%d0%bf%d0%b0%d1%81%d0%b8-%d1%81%d0%be%d1%85%d1%80%d0%b0%d0%bd%d0%b8\/","title":{"rendered":"L\u00e4derarmband med inskription \u0421\u043f\u0430\u0441\u0438 \u0421\u043e\u0445\u0440\u0430\u043d\u0438"},"content":{"rendered":"<p>Fl\u00e4tat svart l\u00e4derarmband med detaljer i rostfritt st\u00e5l, utformat som en p\u00e5minnelse om inre styrka och tro p\u00e5 Gud.<\/p>\n","protected":false},"excerpt":{"rendered":"<p>Fl\u00e4tat svart l\u00e4derarmband med detaljer i rostfritt st\u00e5l, utformat som en p\u00e5minnelse om inre styrka och tro p\u00e5 Gud.<\/p>\n","protected":false},"featured_media":7292,"template":"","meta":{"give_campaign_id":0},"product_brand":[],"product_cat":[538],"product_tag":[],"class_list":{"0":"post-7289","1":"product","2":"type-product","3":"status-publish","4":"has-post-thumbnail","6":"product_cat-eleganta-radband","8":"first","9":"instock","10":"shipping-taxable","11":"purchasable","12":"product-type-simple"},"_links":{"self":[{"href":"https:\/\/orthodoxblessings.com\/sv\/wp-json\/wp\/v2\/product\/7289","targetHints":{"allow":["GET"]}}],"collection":[{"href":"https:\/\/orthodoxblessings.com\/sv\/wp-json\/wp\/v2\/product"}],"about":[{"href":"https:\/\/orthodoxblessings.com\/sv\/wp-json\/wp\/v2\/types\/product"}],"wp:featuredmedia":[{"embeddable":true,"href":"https:\/\/orthodoxblessings.com\/sv\/wp-json\/wp\/v2\/media\/7292"}],"wp:attachment":[{"href":"https:\/\/orthodoxblessings.com\/sv\/wp-json\/wp\/v2\/media?parent=7289"}],"wp:term":[{"taxonomy":"product_brand","embeddable":true,"href":"https:\/\/orthodoxblessings.com\/sv\/wp-json\/wp\/v2\/product_brand?post=7289"},{"taxonomy":"product_cat","embeddable":true,"href":"https:\/\/orthodoxblessings.com\/sv\/wp-json\/wp\/v2\/product_cat?post=7289"},{"taxonomy":"product_tag","embeddable":true,"href":"https:\/\/orthodoxblessings.com\/sv\/wp-json\/wp\/v2\/product_tag?post=7289"}],"curies":[{"name":"wp","href":"https:\/\/api.w.org\/{rel}","templated":true}]}}