{"id":7268,"date":"2025-12-11T14:17:00","date_gmt":"2025-12-11T14:17:00","guid":{"rendered":"https:\/\/orthodoxblessings.com\/?post_type=product&#038;p=7268"},"modified":"2025-12-11T14:21:14","modified_gmt":"2025-12-11T14:21:14","slug":"gyllene-kors-till-halsband-i-ask","status":"publish","type":"product","link":"https:\/\/orthodoxblessings.com\/sv\/shop\/gyllene-kors-till-halsband-i-ask\/","title":{"rendered":"Gyllene kors till halsband i ask"},"content":{"rendered":"<p><span class=\"HwtZe\" lang=\"sv\"><span class=\"jCAhz ChMk0b\"><span class=\"ryNqvb\">Elegant h\u00e4nge i form av ett kors i guldf\u00e4rg, dekorerat med klara stenar, avsett som ett tyst tecken p\u00e5 Kristi fr\u00e4lsande k\u00e4rlek som b\u00e4rs p\u00e5 br\u00f6stet.<\/span><\/span><\/span><\/p>\n","protected":false},"excerpt":{"rendered":"<p>Elegant h\u00e4nge i form av ett kors i guldf\u00e4rg, dekorerat med klara stenar, avsett som ett tyst tecken p\u00e5 Kristi fr\u00e4lsande k\u00e4rlek som b\u00e4rs p\u00e5 br\u00f6stet.<\/p>\n","protected":false},"featured_media":7271,"template":"","meta":{"give_campaign_id":0},"product_brand":[],"product_cat":[516],"product_tag":[],"class_list":{"0":"post-7268","1":"product","2":"type-product","3":"status-publish","4":"has-post-thumbnail","6":"product_cat-kors","8":"first","9":"instock","10":"shipping-taxable","11":"purchasable","12":"product-type-simple"},"_links":{"self":[{"href":"https:\/\/orthodoxblessings.com\/sv\/wp-json\/wp\/v2\/product\/7268","targetHints":{"allow":["GET"]}}],"collection":[{"href":"https:\/\/orthodoxblessings.com\/sv\/wp-json\/wp\/v2\/product"}],"about":[{"href":"https:\/\/orthodoxblessings.com\/sv\/wp-json\/wp\/v2\/types\/product"}],"wp:featuredmedia":[{"embeddable":true,"href":"https:\/\/orthodoxblessings.com\/sv\/wp-json\/wp\/v2\/media\/7271"}],"wp:attachment":[{"href":"https:\/\/orthodoxblessings.com\/sv\/wp-json\/wp\/v2\/media?parent=7268"}],"wp:term":[{"taxonomy":"product_brand","embeddable":true,"href":"https:\/\/orthodoxblessings.com\/sv\/wp-json\/wp\/v2\/product_brand?post=7268"},{"taxonomy":"product_cat","embeddable":true,"href":"https:\/\/orthodoxblessings.com\/sv\/wp-json\/wp\/v2\/product_cat?post=7268"},{"taxonomy":"product_tag","embeddable":true,"href":"https:\/\/orthodoxblessings.com\/sv\/wp-json\/wp\/v2\/product_tag?post=7268"}],"curies":[{"name":"wp","href":"https:\/\/api.w.org\/{rel}","templated":true}]}}