{"id":7205,"date":"2025-12-11T09:48:23","date_gmt":"2025-12-11T09:48:23","guid":{"rendered":"https:\/\/orthodoxblessings.com\/?post_type=product&#038;p=7205"},"modified":"2025-12-11T10:19:21","modified_gmt":"2025-12-11T10:19:21","slug":"elegant-kloverarmband","status":"publish","type":"product","link":"https:\/\/orthodoxblessings.com\/sv\/shop\/elegant-kloverarmband\/","title":{"rendered":"Elegant kl\u00f6verarmband"},"content":{"rendered":"<p>F\u00f6rfinat guldtonat armband med \u00f6ppen design, prytt med en svart kl\u00f6ver i mitten och gnistrande kristaller.<\/p>\n","protected":false},"excerpt":{"rendered":"<p>F\u00f6rfinat guldtonat armband med \u00f6ppen design, prytt med en svart kl\u00f6ver i mitten och gnistrande kristaller.<\/p>\n","protected":false},"featured_media":7223,"template":"","meta":{"give_campaign_id":0},"product_brand":[],"product_cat":[538],"product_tag":[],"class_list":{"0":"post-7205","1":"product","2":"type-product","3":"status-publish","4":"has-post-thumbnail","6":"product_cat-eleganta-radband","8":"first","9":"instock","10":"shipping-taxable","11":"purchasable","12":"product-type-variable","13":"rtwpvg-product"},"_links":{"self":[{"href":"https:\/\/orthodoxblessings.com\/sv\/wp-json\/wp\/v2\/product\/7205","targetHints":{"allow":["GET"]}}],"collection":[{"href":"https:\/\/orthodoxblessings.com\/sv\/wp-json\/wp\/v2\/product"}],"about":[{"href":"https:\/\/orthodoxblessings.com\/sv\/wp-json\/wp\/v2\/types\/product"}],"wp:featuredmedia":[{"embeddable":true,"href":"https:\/\/orthodoxblessings.com\/sv\/wp-json\/wp\/v2\/media\/7223"}],"wp:attachment":[{"href":"https:\/\/orthodoxblessings.com\/sv\/wp-json\/wp\/v2\/media?parent=7205"}],"wp:term":[{"taxonomy":"product_brand","embeddable":true,"href":"https:\/\/orthodoxblessings.com\/sv\/wp-json\/wp\/v2\/product_brand?post=7205"},{"taxonomy":"product_cat","embeddable":true,"href":"https:\/\/orthodoxblessings.com\/sv\/wp-json\/wp\/v2\/product_cat?post=7205"},{"taxonomy":"product_tag","embeddable":true,"href":"https:\/\/orthodoxblessings.com\/sv\/wp-json\/wp\/v2\/product_tag?post=7205"}],"curies":[{"name":"wp","href":"https:\/\/api.w.org\/{rel}","templated":true}]}}