{"id":7160,"date":"2025-12-10T16:39:20","date_gmt":"2025-12-10T16:39:20","guid":{"rendered":"https:\/\/orthodoxblessings.com\/?post_type=product&#038;p=7160"},"modified":"2025-12-30T14:06:28","modified_gmt":"2025-12-30T14:06:28","slug":"hematitbonearmband-2","status":"publish","type":"product","link":"https:\/\/orthodoxblessings.com\/sv\/shop\/hematitbonearmband-2\/","title":{"rendered":"Hematitb\u00f6nearmband"},"content":{"rendered":"<p>Enkelt elastiskt armband med m\u00f6rka hematitp\u00e4rlor och ett litet kors, passande som en stilla p\u00e5minnelse om tron i vardagen.<\/p>\n","protected":false},"excerpt":{"rendered":"<p>Enkelt elastiskt armband med m\u00f6rka hematitp\u00e4rlor och ett litet kors, passande som en stilla p\u00e5minnelse om tron i vardagen.<\/p>\n","protected":false},"featured_media":7163,"template":"","meta":{"give_campaign_id":0},"product_brand":[],"product_cat":[538],"product_tag":[],"class_list":{"0":"post-7160","1":"product","2":"type-product","3":"status-publish","4":"has-post-thumbnail","6":"product_cat-eleganta-radband","8":"first","9":"instock","10":"purchasable","11":"product-type-variable","12":"rtwpvg-product"},"_links":{"self":[{"href":"https:\/\/orthodoxblessings.com\/sv\/wp-json\/wp\/v2\/product\/7160","targetHints":{"allow":["GET"]}}],"collection":[{"href":"https:\/\/orthodoxblessings.com\/sv\/wp-json\/wp\/v2\/product"}],"about":[{"href":"https:\/\/orthodoxblessings.com\/sv\/wp-json\/wp\/v2\/types\/product"}],"wp:featuredmedia":[{"embeddable":true,"href":"https:\/\/orthodoxblessings.com\/sv\/wp-json\/wp\/v2\/media\/7163"}],"wp:attachment":[{"href":"https:\/\/orthodoxblessings.com\/sv\/wp-json\/wp\/v2\/media?parent=7160"}],"wp:term":[{"taxonomy":"product_brand","embeddable":true,"href":"https:\/\/orthodoxblessings.com\/sv\/wp-json\/wp\/v2\/product_brand?post=7160"},{"taxonomy":"product_cat","embeddable":true,"href":"https:\/\/orthodoxblessings.com\/sv\/wp-json\/wp\/v2\/product_cat?post=7160"},{"taxonomy":"product_tag","embeddable":true,"href":"https:\/\/orthodoxblessings.com\/sv\/wp-json\/wp\/v2\/product_tag?post=7160"}],"curies":[{"name":"wp","href":"https:\/\/api.w.org\/{rel}","templated":true}]}}