{"id":7152,"date":"2025-12-10T15:56:17","date_gmt":"2025-12-10T15:56:17","guid":{"rendered":"https:\/\/orthodoxblessings.com\/?post_type=product&#038;p=7152"},"modified":"2025-12-10T16:02:32","modified_gmt":"2025-12-10T16:02:32","slug":"hematitbonearmband","status":"publish","type":"product","link":"https:\/\/orthodoxblessings.com\/sv\/shop\/hematitbonearmband\/","title":{"rendered":"Hematitb\u00f6nearmband"},"content":{"rendered":"<p>Enkelt elastiskt armband med m\u00f6rka hematitp\u00e4rlor och ett litet kors, passande som en stilla p\u00e5minnelse om tron i vardagen.<\/p>\n","protected":false},"excerpt":{"rendered":"<p>Enkelt elastiskt armband med m\u00f6rka hematitp\u00e4rlor och ett litet kors, passande som en stilla p\u00e5minnelse om tron i vardagen.<\/p>\n","protected":false},"featured_media":7157,"template":"","meta":{"give_campaign_id":0},"product_brand":[],"product_cat":[538],"product_tag":[],"class_list":{"0":"post-7152","1":"product","2":"type-product","3":"status-publish","4":"has-post-thumbnail","6":"product_cat-eleganta-radband","8":"first","9":"instock","10":"purchasable","11":"product-type-simple"},"_links":{"self":[{"href":"https:\/\/orthodoxblessings.com\/sv\/wp-json\/wp\/v2\/product\/7152","targetHints":{"allow":["GET"]}}],"collection":[{"href":"https:\/\/orthodoxblessings.com\/sv\/wp-json\/wp\/v2\/product"}],"about":[{"href":"https:\/\/orthodoxblessings.com\/sv\/wp-json\/wp\/v2\/types\/product"}],"wp:featuredmedia":[{"embeddable":true,"href":"https:\/\/orthodoxblessings.com\/sv\/wp-json\/wp\/v2\/media\/7157"}],"wp:attachment":[{"href":"https:\/\/orthodoxblessings.com\/sv\/wp-json\/wp\/v2\/media?parent=7152"}],"wp:term":[{"taxonomy":"product_brand","embeddable":true,"href":"https:\/\/orthodoxblessings.com\/sv\/wp-json\/wp\/v2\/product_brand?post=7152"},{"taxonomy":"product_cat","embeddable":true,"href":"https:\/\/orthodoxblessings.com\/sv\/wp-json\/wp\/v2\/product_cat?post=7152"},{"taxonomy":"product_tag","embeddable":true,"href":"https:\/\/orthodoxblessings.com\/sv\/wp-json\/wp\/v2\/product_tag?post=7152"}],"curies":[{"name":"wp","href":"https:\/\/api.w.org\/{rel}","templated":true}]}}