{"id":7148,"date":"2025-12-10T15:48:21","date_gmt":"2025-12-10T15:48:21","guid":{"rendered":"https:\/\/orthodoxblessings.com\/?post_type=product&#038;p=7148"},"modified":"2025-12-10T15:53:03","modified_gmt":"2025-12-10T15:53:03","slug":"kristallparlarmband","status":"publish","type":"product","link":"https:\/\/orthodoxblessings.com\/sv\/shop\/kristallparlarmband\/","title":{"rendered":"Kristallp\u00e4rlarmband"},"content":{"rendered":"<p>Elegant armband med elastisk tr\u00e5d, klara fasettslipade p\u00e4rlor och gnistrande strassteiner.<\/p>\n","protected":false},"excerpt":{"rendered":"<p>Elegant armband med elastisk tr\u00e5d, klara fasettslipade p\u00e4rlor och gnistrande strassteiner.<\/p>\n","protected":false},"featured_media":7151,"template":"","meta":{"give_campaign_id":0},"product_brand":[],"product_cat":[538],"product_tag":[],"class_list":{"0":"post-7148","1":"product","2":"type-product","3":"status-publish","4":"has-post-thumbnail","6":"product_cat-eleganta-radband","8":"first","9":"instock","10":"purchasable","11":"product-type-simple"},"_links":{"self":[{"href":"https:\/\/orthodoxblessings.com\/sv\/wp-json\/wp\/v2\/product\/7148","targetHints":{"allow":["GET"]}}],"collection":[{"href":"https:\/\/orthodoxblessings.com\/sv\/wp-json\/wp\/v2\/product"}],"about":[{"href":"https:\/\/orthodoxblessings.com\/sv\/wp-json\/wp\/v2\/types\/product"}],"wp:featuredmedia":[{"embeddable":true,"href":"https:\/\/orthodoxblessings.com\/sv\/wp-json\/wp\/v2\/media\/7151"}],"wp:attachment":[{"href":"https:\/\/orthodoxblessings.com\/sv\/wp-json\/wp\/v2\/media?parent=7148"}],"wp:term":[{"taxonomy":"product_brand","embeddable":true,"href":"https:\/\/orthodoxblessings.com\/sv\/wp-json\/wp\/v2\/product_brand?post=7148"},{"taxonomy":"product_cat","embeddable":true,"href":"https:\/\/orthodoxblessings.com\/sv\/wp-json\/wp\/v2\/product_cat?post=7148"},{"taxonomy":"product_tag","embeddable":true,"href":"https:\/\/orthodoxblessings.com\/sv\/wp-json\/wp\/v2\/product_tag?post=7148"}],"curies":[{"name":"wp","href":"https:\/\/api.w.org\/{rel}","templated":true}]}}