{"id":7076,"date":"2025-12-10T11:14:38","date_gmt":"2025-12-10T11:14:38","guid":{"rendered":"https:\/\/orthodoxblessings.com\/?post_type=product&#038;p=7076"},"modified":"2025-12-10T11:23:45","modified_gmt":"2025-12-10T11:23:45","slug":"ett-trakors-i-en-plastlada","status":"publish","type":"product","link":"https:\/\/orthodoxblessings.com\/sv\/shop\/ett-trakors-i-en-plastlada\/","title":{"rendered":"Ett tr\u00e4kors i en plastl\u00e5da"},"content":{"rendered":"<p><span class=\"HwtZe\" lang=\"sv\"><span class=\"jCAhz ChMk0b\"><span class=\"ryNqvb\">Det ortodoxa tr\u00e4korset \u00e4r en symbol f\u00f6r tro, beskydd och andlig frid.<\/span><\/span> <span class=\"jCAhz ChMk0b\"><span class=\"ryNqvb\">Tillverkat av naturligt tr\u00e4 med en omsorgsfullt snidad avbildning av krucifixet, levereras det f\u00f6rpackat i en elegant transparent l\u00e5da med guldbakgrund, vilket g\u00f6r det perfekt att f\u00f6rvara, ge bort eller b\u00e4ra med sig.<\/span><\/span><\/span><\/p>\n","protected":false},"excerpt":{"rendered":"<p>Det ortodoxa tr\u00e4korset \u00e4r en symbol f\u00f6r tro, beskydd och andlig frid. Tillverkat av naturligt tr\u00e4 med en omsorgsfullt snidad avbildning av krucifixet, levereras det f\u00f6rpackat i en elegant transparent l\u00e5da med guldbakgrund, vilket g\u00f6r det perfekt att f\u00f6rvara, ge bort eller b\u00e4ra med sig.<\/p>\n","protected":false},"featured_media":7079,"template":"","meta":{"give_campaign_id":0},"product_brand":[],"product_cat":[520],"product_tag":[],"class_list":{"0":"post-7076","1":"product","2":"type-product","3":"status-publish","4":"has-post-thumbnail","6":"product_cat-kors-for-en-bil","8":"first","9":"instock","10":"shipping-taxable","11":"purchasable","12":"product-type-simple"},"_links":{"self":[{"href":"https:\/\/orthodoxblessings.com\/sv\/wp-json\/wp\/v2\/product\/7076","targetHints":{"allow":["GET"]}}],"collection":[{"href":"https:\/\/orthodoxblessings.com\/sv\/wp-json\/wp\/v2\/product"}],"about":[{"href":"https:\/\/orthodoxblessings.com\/sv\/wp-json\/wp\/v2\/types\/product"}],"wp:featuredmedia":[{"embeddable":true,"href":"https:\/\/orthodoxblessings.com\/sv\/wp-json\/wp\/v2\/media\/7079"}],"wp:attachment":[{"href":"https:\/\/orthodoxblessings.com\/sv\/wp-json\/wp\/v2\/media?parent=7076"}],"wp:term":[{"taxonomy":"product_brand","embeddable":true,"href":"https:\/\/orthodoxblessings.com\/sv\/wp-json\/wp\/v2\/product_brand?post=7076"},{"taxonomy":"product_cat","embeddable":true,"href":"https:\/\/orthodoxblessings.com\/sv\/wp-json\/wp\/v2\/product_cat?post=7076"},{"taxonomy":"product_tag","embeddable":true,"href":"https:\/\/orthodoxblessings.com\/sv\/wp-json\/wp\/v2\/product_tag?post=7076"}],"curies":[{"name":"wp","href":"https:\/\/api.w.org\/{rel}","templated":true}]}}