{"id":7052,"date":"2025-12-10T10:09:44","date_gmt":"2025-12-10T10:09:44","guid":{"rendered":"https:\/\/orthodoxblessings.com\/?post_type=product&#038;p=7052"},"modified":"2025-12-10T10:23:11","modified_gmt":"2025-12-10T10:23:11","slug":"bilhange-med-bild-av-jungfru-maria","status":"publish","type":"product","link":"https:\/\/orthodoxblessings.com\/sv\/shop\/bilhange-med-bild-av-jungfru-maria\/","title":{"rendered":"Bilh\u00e4nge med bild av Jungfru Maria"},"content":{"rendered":"<p><span class=\"HwtZe\" lang=\"sv\"><span class=\"jCAhz ChMk0b\"><span class=\"ryNqvb\">Detta bilh\u00e4nge med tofs och bild av Jungfru Maria ger ett traditionellt element av andligt skydd.<\/span><\/span> <span class=\"jCAhz ChMk0b\"><span class=\"ryNqvb\">Tofsen, som en symbol f\u00f6r helighet, g\u00f6r detta h\u00e4nge s\u00e4rskilt betydelsefullt f\u00f6r dem som s\u00f6ker andlig trygghet p\u00e5 v\u00e4gen.<\/span><\/span><\/span><\/p>\n","protected":false},"excerpt":{"rendered":"<p>Detta bilh\u00e4nge med tofs och bild av Jungfru Maria ger ett traditionellt element av andligt skydd. Tofsen, som en symbol f\u00f6r helighet, g\u00f6r detta h\u00e4nge s\u00e4rskilt betydelsefullt f\u00f6r dem som s\u00f6ker andlig trygghet p\u00e5 v\u00e4gen.<\/p>\n","protected":false},"featured_media":7058,"template":"","meta":{"give_campaign_id":0},"product_brand":[],"product_cat":[520],"product_tag":[],"class_list":{"0":"post-7052","1":"product","2":"type-product","3":"status-publish","4":"has-post-thumbnail","6":"product_cat-kors-for-en-bil","8":"first","9":"instock","10":"shipping-taxable","11":"purchasable","12":"product-type-simple"},"_links":{"self":[{"href":"https:\/\/orthodoxblessings.com\/sv\/wp-json\/wp\/v2\/product\/7052","targetHints":{"allow":["GET"]}}],"collection":[{"href":"https:\/\/orthodoxblessings.com\/sv\/wp-json\/wp\/v2\/product"}],"about":[{"href":"https:\/\/orthodoxblessings.com\/sv\/wp-json\/wp\/v2\/types\/product"}],"wp:featuredmedia":[{"embeddable":true,"href":"https:\/\/orthodoxblessings.com\/sv\/wp-json\/wp\/v2\/media\/7058"}],"wp:attachment":[{"href":"https:\/\/orthodoxblessings.com\/sv\/wp-json\/wp\/v2\/media?parent=7052"}],"wp:term":[{"taxonomy":"product_brand","embeddable":true,"href":"https:\/\/orthodoxblessings.com\/sv\/wp-json\/wp\/v2\/product_brand?post=7052"},{"taxonomy":"product_cat","embeddable":true,"href":"https:\/\/orthodoxblessings.com\/sv\/wp-json\/wp\/v2\/product_cat?post=7052"},{"taxonomy":"product_tag","embeddable":true,"href":"https:\/\/orthodoxblessings.com\/sv\/wp-json\/wp\/v2\/product_tag?post=7052"}],"curies":[{"name":"wp","href":"https:\/\/api.w.org\/{rel}","templated":true}]}}