{"id":7011,"date":"2025-12-10T09:23:45","date_gmt":"2025-12-10T09:23:45","guid":{"rendered":"https:\/\/orthodoxblessings.com\/?post_type=product&#038;p=7011"},"modified":"2025-12-10T09:35:40","modified_gmt":"2025-12-10T09:35:40","slug":"bilhange-med-gyllene-kors","status":"publish","type":"product","link":"https:\/\/orthodoxblessings.com\/sv\/shop\/bilhange-med-gyllene-kors\/","title":{"rendered":"Bilh\u00e4nge med gyllene kors"},"content":{"rendered":"<p><span class=\"HwtZe\" lang=\"sv\"><span class=\"jCAhz ChMk0b\"><span class=\"ryNqvb\">Detta gyllene kors-bilh\u00e4nge ger andlig trygghet och sk\u00f6nhet.<\/span><\/span> <span class=\"jCAhz ChMk0b\"><span class=\"ryNqvb\">Guldf\u00e4rgen tillf\u00f6r elegans och kan fungera som en skyddande symbol p\u00e5 v\u00e4gen.<\/span><\/span><\/span><\/p>\n","protected":false},"excerpt":{"rendered":"<p>Detta gyllene kors-bilh\u00e4nge ger andlig trygghet och sk\u00f6nhet. Guldf\u00e4rgen tillf\u00f6r elegans och kan fungera som en skyddande symbol p\u00e5 v\u00e4gen.<\/p>\n","protected":false},"featured_media":7014,"template":"","meta":{"give_campaign_id":0},"product_brand":[],"product_cat":[520],"product_tag":[],"class_list":{"0":"post-7011","1":"product","2":"type-product","3":"status-publish","4":"has-post-thumbnail","6":"product_cat-kors-for-en-bil","8":"first","9":"instock","10":"purchasable","11":"product-type-simple"},"_links":{"self":[{"href":"https:\/\/orthodoxblessings.com\/sv\/wp-json\/wp\/v2\/product\/7011","targetHints":{"allow":["GET"]}}],"collection":[{"href":"https:\/\/orthodoxblessings.com\/sv\/wp-json\/wp\/v2\/product"}],"about":[{"href":"https:\/\/orthodoxblessings.com\/sv\/wp-json\/wp\/v2\/types\/product"}],"wp:featuredmedia":[{"embeddable":true,"href":"https:\/\/orthodoxblessings.com\/sv\/wp-json\/wp\/v2\/media\/7014"}],"wp:attachment":[{"href":"https:\/\/orthodoxblessings.com\/sv\/wp-json\/wp\/v2\/media?parent=7011"}],"wp:term":[{"taxonomy":"product_brand","embeddable":true,"href":"https:\/\/orthodoxblessings.com\/sv\/wp-json\/wp\/v2\/product_brand?post=7011"},{"taxonomy":"product_cat","embeddable":true,"href":"https:\/\/orthodoxblessings.com\/sv\/wp-json\/wp\/v2\/product_cat?post=7011"},{"taxonomy":"product_tag","embeddable":true,"href":"https:\/\/orthodoxblessings.com\/sv\/wp-json\/wp\/v2\/product_tag?post=7011"}],"curies":[{"name":"wp","href":"https:\/\/api.w.org\/{rel}","templated":true}]}}