{"id":7005,"date":"2025-12-09T16:56:53","date_gmt":"2025-12-09T16:56:53","guid":{"rendered":"https:\/\/orthodoxblessings.com\/?post_type=product&#038;p=7005"},"modified":"2025-12-09T17:03:45","modified_gmt":"2025-12-09T17:03:45","slug":"korshange-for-bil-med-trasnitt-av-jesus-kristus-vers-2","status":"publish","type":"product","link":"https:\/\/orthodoxblessings.com\/sv\/shop\/korshange-for-bil-med-trasnitt-av-jesus-kristus-vers-2\/","title":{"rendered":"Korsh\u00e4nge f\u00f6r bil med tr\u00e4snitt av Jesus Kristus vers 2"},"content":{"rendered":"<p><span class=\"HwtZe\" lang=\"sv\"><span class=\"jCAhz ChMk0b\"><span class=\"ryNqvb\">Ett krucifix-bilh\u00e4nge med en snideri och en b\u00f6n ger extra andlig styrka.<\/span><\/span> <span class=\"jCAhz ChMk0b\"><span class=\"ryNqvb\">En b\u00f6n i kombination med ett tr\u00e4snitt g\u00f6r detta h\u00e4nge till ett speciellt skydd p\u00e5 v\u00e4gen.<\/span><\/span><\/span><\/p>\n","protected":false},"excerpt":{"rendered":"<p>Ett krucifix-bilh\u00e4nge med en snideri och en b\u00f6n ger extra andlig styrka. En b\u00f6n i kombination med ett tr\u00e4snitt g\u00f6r detta h\u00e4nge till ett speciellt skydd p\u00e5 v\u00e4gen.<\/p>\n","protected":false},"featured_media":7008,"template":"","meta":{"give_campaign_id":0},"product_brand":[],"product_cat":[520],"product_tag":[],"class_list":{"0":"post-7005","1":"product","2":"type-product","3":"status-publish","4":"has-post-thumbnail","6":"product_cat-kors-for-en-bil","8":"first","9":"instock","10":"purchasable","11":"product-type-simple"},"_links":{"self":[{"href":"https:\/\/orthodoxblessings.com\/sv\/wp-json\/wp\/v2\/product\/7005","targetHints":{"allow":["GET"]}}],"collection":[{"href":"https:\/\/orthodoxblessings.com\/sv\/wp-json\/wp\/v2\/product"}],"about":[{"href":"https:\/\/orthodoxblessings.com\/sv\/wp-json\/wp\/v2\/types\/product"}],"wp:featuredmedia":[{"embeddable":true,"href":"https:\/\/orthodoxblessings.com\/sv\/wp-json\/wp\/v2\/media\/7008"}],"wp:attachment":[{"href":"https:\/\/orthodoxblessings.com\/sv\/wp-json\/wp\/v2\/media?parent=7005"}],"wp:term":[{"taxonomy":"product_brand","embeddable":true,"href":"https:\/\/orthodoxblessings.com\/sv\/wp-json\/wp\/v2\/product_brand?post=7005"},{"taxonomy":"product_cat","embeddable":true,"href":"https:\/\/orthodoxblessings.com\/sv\/wp-json\/wp\/v2\/product_cat?post=7005"},{"taxonomy":"product_tag","embeddable":true,"href":"https:\/\/orthodoxblessings.com\/sv\/wp-json\/wp\/v2\/product_tag?post=7005"}],"curies":[{"name":"wp","href":"https:\/\/api.w.org\/{rel}","templated":true}]}}