{"id":6993,"date":"2025-12-09T16:31:45","date_gmt":"2025-12-09T16:31:45","guid":{"rendered":"https:\/\/orthodoxblessings.com\/?post_type=product&#038;p=6993"},"modified":"2025-12-09T16:42:02","modified_gmt":"2025-12-09T16:42:02","slug":"hangekors-for-bilen-med-bilden-av-jesus-kristus","status":"publish","type":"product","link":"https:\/\/orthodoxblessings.com\/sv\/shop\/hangekors-for-bilen-med-bilden-av-jesus-kristus\/","title":{"rendered":"H\u00e4ngekors f\u00f6r bilen med bilden av Jesus Kristus"},"content":{"rendered":"<p>Korsh\u00e4nget till bilen med bilden av Jesus Kristus ger ytterligare andlig styrka.<\/p>\n","protected":false},"excerpt":{"rendered":"<p>Korsh\u00e4nget till bilen med bilden av Jesus Kristus ger ytterligare andlig styrka.<\/p>\n","protected":false},"featured_media":6996,"template":"","meta":{"give_campaign_id":0},"product_brand":[],"product_cat":[520],"product_tag":[],"class_list":{"0":"post-6993","1":"product","2":"type-product","3":"status-publish","4":"has-post-thumbnail","6":"product_cat-kors-for-en-bil","8":"first","9":"instock","10":"purchasable","11":"product-type-simple"},"_links":{"self":[{"href":"https:\/\/orthodoxblessings.com\/sv\/wp-json\/wp\/v2\/product\/6993","targetHints":{"allow":["GET"]}}],"collection":[{"href":"https:\/\/orthodoxblessings.com\/sv\/wp-json\/wp\/v2\/product"}],"about":[{"href":"https:\/\/orthodoxblessings.com\/sv\/wp-json\/wp\/v2\/types\/product"}],"wp:featuredmedia":[{"embeddable":true,"href":"https:\/\/orthodoxblessings.com\/sv\/wp-json\/wp\/v2\/media\/6996"}],"wp:attachment":[{"href":"https:\/\/orthodoxblessings.com\/sv\/wp-json\/wp\/v2\/media?parent=6993"}],"wp:term":[{"taxonomy":"product_brand","embeddable":true,"href":"https:\/\/orthodoxblessings.com\/sv\/wp-json\/wp\/v2\/product_brand?post=6993"},{"taxonomy":"product_cat","embeddable":true,"href":"https:\/\/orthodoxblessings.com\/sv\/wp-json\/wp\/v2\/product_cat?post=6993"},{"taxonomy":"product_tag","embeddable":true,"href":"https:\/\/orthodoxblessings.com\/sv\/wp-json\/wp\/v2\/product_tag?post=6993"}],"curies":[{"name":"wp","href":"https:\/\/api.w.org\/{rel}","templated":true}]}}