{"id":6981,"date":"2025-12-09T15:56:45","date_gmt":"2025-12-09T15:56:45","guid":{"rendered":"https:\/\/orthodoxblessings.com\/?post_type=product&#038;p=6981"},"modified":"2025-12-09T16:05:21","modified_gmt":"2025-12-09T16:05:21","slug":"bilkorshange-med-trasnideri-%d1%81%d0%bf%d0%b0%d1%81%d0%b8-%d0%b8-%d1%81%d0%be%d1%85%d1%80%d0%b0%d0%bd%d0%b8-och-jesus-kristus","status":"publish","type":"product","link":"https:\/\/orthodoxblessings.com\/sv\/shop\/bilkorshange-med-trasnideri-%d1%81%d0%bf%d0%b0%d1%81%d0%b8-%d0%b8-%d1%81%d0%be%d1%85%d1%80%d0%b0%d0%bd%d0%b8-och-jesus-kristus\/","title":{"rendered":"Bilkorsh\u00e4nge med tr\u00e4snideri \u0421\u041f\u0410\u0421\u0418 \u0418 \u0421\u041e\u0425\u0420\u0410\u041d\u0418 och JESUS \u200b\u200bKRISTUS"},"content":{"rendered":"<p>Ett krucifix bilh\u00e4nge med en snidning och en b\u00f6n ger extra andlig styrka. En b\u00f6n i kombinerad form med ett tr\u00e4snitt g\u00f6r detta h\u00e4ngsmycke till ett speciellt skydd p\u00e5 v\u00e4gen.<\/p>\n","protected":false},"excerpt":{"rendered":"<p>Ett krucifix bilh\u00e4nge med en snidning och en b\u00f6n ger extra andlig styrka. En b\u00f6n i kombinerad form med ett tr\u00e4snitt g\u00f6r detta h\u00e4ngsmycke till ett speciellt skydd p\u00e5 v\u00e4gen.<\/p>\n","protected":false},"featured_media":6984,"template":"","meta":{"give_campaign_id":0},"product_brand":[],"product_cat":[520],"product_tag":[],"class_list":{"0":"post-6981","1":"product","2":"type-product","3":"status-publish","4":"has-post-thumbnail","6":"product_cat-kors-for-en-bil","8":"first","9":"instock","10":"purchasable","11":"product-type-simple"},"_links":{"self":[{"href":"https:\/\/orthodoxblessings.com\/sv\/wp-json\/wp\/v2\/product\/6981","targetHints":{"allow":["GET"]}}],"collection":[{"href":"https:\/\/orthodoxblessings.com\/sv\/wp-json\/wp\/v2\/product"}],"about":[{"href":"https:\/\/orthodoxblessings.com\/sv\/wp-json\/wp\/v2\/types\/product"}],"wp:featuredmedia":[{"embeddable":true,"href":"https:\/\/orthodoxblessings.com\/sv\/wp-json\/wp\/v2\/media\/6984"}],"wp:attachment":[{"href":"https:\/\/orthodoxblessings.com\/sv\/wp-json\/wp\/v2\/media?parent=6981"}],"wp:term":[{"taxonomy":"product_brand","embeddable":true,"href":"https:\/\/orthodoxblessings.com\/sv\/wp-json\/wp\/v2\/product_brand?post=6981"},{"taxonomy":"product_cat","embeddable":true,"href":"https:\/\/orthodoxblessings.com\/sv\/wp-json\/wp\/v2\/product_cat?post=6981"},{"taxonomy":"product_tag","embeddable":true,"href":"https:\/\/orthodoxblessings.com\/sv\/wp-json\/wp\/v2\/product_tag?post=6981"}],"curies":[{"name":"wp","href":"https:\/\/api.w.org\/{rel}","templated":true}]}}