{"id":6969,"date":"2025-12-09T15:33:53","date_gmt":"2025-12-09T15:33:53","guid":{"rendered":"https:\/\/orthodoxblessings.com\/?post_type=product&#038;p=6969"},"modified":"2025-12-09T15:40:19","modified_gmt":"2025-12-09T15:40:19","slug":"trakorshange-tillverkat-av-olivtra","status":"publish","type":"product","link":"https:\/\/orthodoxblessings.com\/sv\/shop\/trakorshange-tillverkat-av-olivtra\/","title":{"rendered":"Tr\u00e4korsh\u00e4nge &#8211; tillverkat av olivtr\u00e4"},"content":{"rendered":"<p><span class=\"HwtZe\" lang=\"sv\"><span class=\"jCAhz ChMk0b\"><span class=\"ryNqvb\">Olivtr\u00e4, handgjort.<\/span><\/span> <span class=\"jCAhz ChMk0b\"><span class=\"ryNqvb\">Tillverkat i Nasaret.<\/span><\/span><\/span><\/p>\n","protected":false},"excerpt":{"rendered":"<p>Olivtr\u00e4, handgjort. Tillverkat i Nasaret.<\/p>\n","protected":false},"featured_media":6972,"template":"","meta":{"give_campaign_id":0},"product_brand":[],"product_cat":[516],"product_tag":[],"class_list":{"0":"post-6969","1":"product","2":"type-product","3":"status-publish","4":"has-post-thumbnail","6":"product_cat-kors","8":"first","9":"instock","10":"shipping-taxable","11":"purchasable","12":"product-type-simple"},"_links":{"self":[{"href":"https:\/\/orthodoxblessings.com\/sv\/wp-json\/wp\/v2\/product\/6969","targetHints":{"allow":["GET"]}}],"collection":[{"href":"https:\/\/orthodoxblessings.com\/sv\/wp-json\/wp\/v2\/product"}],"about":[{"href":"https:\/\/orthodoxblessings.com\/sv\/wp-json\/wp\/v2\/types\/product"}],"wp:featuredmedia":[{"embeddable":true,"href":"https:\/\/orthodoxblessings.com\/sv\/wp-json\/wp\/v2\/media\/6972"}],"wp:attachment":[{"href":"https:\/\/orthodoxblessings.com\/sv\/wp-json\/wp\/v2\/media?parent=6969"}],"wp:term":[{"taxonomy":"product_brand","embeddable":true,"href":"https:\/\/orthodoxblessings.com\/sv\/wp-json\/wp\/v2\/product_brand?post=6969"},{"taxonomy":"product_cat","embeddable":true,"href":"https:\/\/orthodoxblessings.com\/sv\/wp-json\/wp\/v2\/product_cat?post=6969"},{"taxonomy":"product_tag","embeddable":true,"href":"https:\/\/orthodoxblessings.com\/sv\/wp-json\/wp\/v2\/product_tag?post=6969"}],"curies":[{"name":"wp","href":"https:\/\/api.w.org\/{rel}","templated":true}]}}