{"id":6942,"date":"2025-12-09T14:17:31","date_gmt":"2025-12-09T14:17:31","guid":{"rendered":"https:\/\/orthodoxblessings.com\/?post_type=product&#038;p=6942"},"modified":"2025-12-09T14:22:52","modified_gmt":"2025-12-09T14:22:52","slug":"metallhange-med-ikon-av-sankt-petka","status":"publish","type":"product","link":"https:\/\/orthodoxblessings.com\/sv\/shop\/metallhange-med-ikon-av-sankt-petka\/","title":{"rendered":"Metallh\u00e4nge med ikon av Sankt Petka"},"content":{"rendered":"<p><span class=\"HwtZe\" lang=\"sv\"><span class=\"jCAhz ChMk0b\"><span class=\"ryNqvb\">Ett elegant metallh\u00e4nge med en noggrant utformad ikon av Sankt Petka, beskyddaren av de sjuka och de som s\u00f6ker andlig tr\u00f6st.<\/span><\/span> <span class=\"jCAhz ChMk0b\"><span class=\"ryNqvb\">Det \u00e4r perfekt f\u00f6r bilister, resen\u00e4rer och alla som vill k\u00e4nna v\u00e4lsignelsen och beskyddet av detta stora helgon.<\/span><\/span> <span class=\"jCAhz ChMk0b\"><span class=\"ryNqvb\">Perfekt som g\u00e5va eller ett personligt andligt f\u00f6rem\u00e5l.<\/span><\/span><\/span><\/p>\n","protected":false},"excerpt":{"rendered":"<p>Ett elegant metallh\u00e4nge med en noggrant utformad ikon av Sankt Petka, beskyddaren av de sjuka och de som s\u00f6ker andlig tr\u00f6st. Det \u00e4r perfekt f\u00f6r bilister, resen\u00e4rer och alla som vill k\u00e4nna v\u00e4lsignelsen och beskyddet av detta stora helgon. Perfekt som g\u00e5va eller ett personligt andligt f\u00f6rem\u00e5l.<\/p>\n","protected":false},"featured_media":6945,"template":"","meta":{"give_campaign_id":0},"product_brand":[],"product_cat":[520],"product_tag":[],"class_list":{"0":"post-6942","1":"product","2":"type-product","3":"status-publish","4":"has-post-thumbnail","6":"product_cat-kors-for-en-bil","8":"first","9":"instock","10":"purchasable","11":"product-type-simple"},"_links":{"self":[{"href":"https:\/\/orthodoxblessings.com\/sv\/wp-json\/wp\/v2\/product\/6942","targetHints":{"allow":["GET"]}}],"collection":[{"href":"https:\/\/orthodoxblessings.com\/sv\/wp-json\/wp\/v2\/product"}],"about":[{"href":"https:\/\/orthodoxblessings.com\/sv\/wp-json\/wp\/v2\/types\/product"}],"wp:featuredmedia":[{"embeddable":true,"href":"https:\/\/orthodoxblessings.com\/sv\/wp-json\/wp\/v2\/media\/6945"}],"wp:attachment":[{"href":"https:\/\/orthodoxblessings.com\/sv\/wp-json\/wp\/v2\/media?parent=6942"}],"wp:term":[{"taxonomy":"product_brand","embeddable":true,"href":"https:\/\/orthodoxblessings.com\/sv\/wp-json\/wp\/v2\/product_brand?post=6942"},{"taxonomy":"product_cat","embeddable":true,"href":"https:\/\/orthodoxblessings.com\/sv\/wp-json\/wp\/v2\/product_cat?post=6942"},{"taxonomy":"product_tag","embeddable":true,"href":"https:\/\/orthodoxblessings.com\/sv\/wp-json\/wp\/v2\/product_tag?post=6942"}],"curies":[{"name":"wp","href":"https:\/\/api.w.org\/{rel}","templated":true}]}}