{"id":6930,"date":"2025-12-09T13:48:20","date_gmt":"2025-12-09T13:48:20","guid":{"rendered":"https:\/\/orthodoxblessings.com\/?post_type=product&#038;p=6930"},"modified":"2025-12-09T13:56:39","modified_gmt":"2025-12-09T13:56:39","slug":"hange-krstic-runt-for-bil-med-trasnideri-agio-oros","status":"publish","type":"product","link":"https:\/\/orthodoxblessings.com\/sv\/shop\/hange-krstic-runt-for-bil-med-trasnideri-agio-oros\/","title":{"rendered":"H\u00e4nge Krsti\u0107 runt f\u00f6r bil med tr\u00e4snideri AGIO OROS"},"content":{"rendered":"<p>Ett krucifix bilh\u00e4nge med en snidning och en b\u00f6n ger extra andlig styrka. En b\u00f6n i kombinerad form med ett tr\u00e4snitt g\u00f6r detta h\u00e4ngsmycke till ett speciellt skydd p\u00e5 v\u00e4gen.<\/p>\n","protected":false},"excerpt":{"rendered":"<p>Ett krucifix bilh\u00e4nge med en snidning och en b\u00f6n ger extra andlig styrka. En b\u00f6n i kombinerad form med ett tr\u00e4snitt g\u00f6r detta h\u00e4ngsmycke till ett speciellt skydd p\u00e5 v\u00e4gen.<\/p>\n","protected":false},"featured_media":6933,"template":"","meta":{"give_campaign_id":0},"product_brand":[],"product_cat":[520],"product_tag":[],"class_list":{"0":"post-6930","1":"product","2":"type-product","3":"status-publish","4":"has-post-thumbnail","6":"product_cat-kors-for-en-bil","8":"first","9":"instock","10":"purchasable","11":"product-type-simple"},"_links":{"self":[{"href":"https:\/\/orthodoxblessings.com\/sv\/wp-json\/wp\/v2\/product\/6930","targetHints":{"allow":["GET"]}}],"collection":[{"href":"https:\/\/orthodoxblessings.com\/sv\/wp-json\/wp\/v2\/product"}],"about":[{"href":"https:\/\/orthodoxblessings.com\/sv\/wp-json\/wp\/v2\/types\/product"}],"wp:featuredmedia":[{"embeddable":true,"href":"https:\/\/orthodoxblessings.com\/sv\/wp-json\/wp\/v2\/media\/6933"}],"wp:attachment":[{"href":"https:\/\/orthodoxblessings.com\/sv\/wp-json\/wp\/v2\/media?parent=6930"}],"wp:term":[{"taxonomy":"product_brand","embeddable":true,"href":"https:\/\/orthodoxblessings.com\/sv\/wp-json\/wp\/v2\/product_brand?post=6930"},{"taxonomy":"product_cat","embeddable":true,"href":"https:\/\/orthodoxblessings.com\/sv\/wp-json\/wp\/v2\/product_cat?post=6930"},{"taxonomy":"product_tag","embeddable":true,"href":"https:\/\/orthodoxblessings.com\/sv\/wp-json\/wp\/v2\/product_tag?post=6930"}],"curies":[{"name":"wp","href":"https:\/\/api.w.org\/{rel}","templated":true}]}}