{"id":6900,"date":"2025-12-09T11:29:41","date_gmt":"2025-12-09T11:29:41","guid":{"rendered":"https:\/\/orthodoxblessings.com\/?post_type=product&#038;p=6900"},"modified":"2025-12-09T11:35:47","modified_gmt":"2025-12-09T11:35:47","slug":"jerusalem-myrra-guldforpackning","status":"publish","type":"product","link":"https:\/\/orthodoxblessings.com\/sv\/shop\/jerusalem-myrra-guldforpackning\/","title":{"rendered":"Jerusalem myrra guldf\u00f6rpackning"},"content":{"rendered":"<p>Jerusalems myrra \u00e4r en helig essens som anv\u00e4nds i b\u00f6ner och ortodoxa ritualer, vilket ger v\u00e4lsignelse och helande.<\/p>\n","protected":false},"excerpt":{"rendered":"<p>Jerusalems myrra \u00e4r en helig essens som anv\u00e4nds i b\u00f6ner och ortodoxa ritualer, vilket ger v\u00e4lsignelse och helande.<\/p>\n","protected":false},"featured_media":6903,"template":"","meta":{"give_campaign_id":0},"product_brand":[],"product_cat":[578],"product_tag":[],"class_list":{"0":"post-6900","1":"product","2":"type-product","3":"status-publish","4":"has-post-thumbnail","6":"product_cat-smorjelseolja","8":"first","9":"instock","10":"purchasable","11":"product-type-simple"},"_links":{"self":[{"href":"https:\/\/orthodoxblessings.com\/sv\/wp-json\/wp\/v2\/product\/6900","targetHints":{"allow":["GET"]}}],"collection":[{"href":"https:\/\/orthodoxblessings.com\/sv\/wp-json\/wp\/v2\/product"}],"about":[{"href":"https:\/\/orthodoxblessings.com\/sv\/wp-json\/wp\/v2\/types\/product"}],"wp:featuredmedia":[{"embeddable":true,"href":"https:\/\/orthodoxblessings.com\/sv\/wp-json\/wp\/v2\/media\/6903"}],"wp:attachment":[{"href":"https:\/\/orthodoxblessings.com\/sv\/wp-json\/wp\/v2\/media?parent=6900"}],"wp:term":[{"taxonomy":"product_brand","embeddable":true,"href":"https:\/\/orthodoxblessings.com\/sv\/wp-json\/wp\/v2\/product_brand?post=6900"},{"taxonomy":"product_cat","embeddable":true,"href":"https:\/\/orthodoxblessings.com\/sv\/wp-json\/wp\/v2\/product_cat?post=6900"},{"taxonomy":"product_tag","embeddable":true,"href":"https:\/\/orthodoxblessings.com\/sv\/wp-json\/wp\/v2\/product_tag?post=6900"}],"curies":[{"name":"wp","href":"https:\/\/api.w.org\/{rel}","templated":true}]}}